{"id":9984,"date":"2026-01-30T14:16:17","date_gmt":"2026-01-30T12:16:17","guid":{"rendered":"https:\/\/www.mr-vin.com\/?post_type=product&#038;p=9984"},"modified":"2026-03-26T13:39:36","modified_gmt":"2026-03-26T11:39:36","slug":"marques-de-murrieta-coleccion-historica-170-aniversario","status":"publish","type":"product","link":"https:\/\/www.mr-vin.com\/en\/product\/marques-de-murrieta-coleccion-historica-170-aniversario\/","title":{"rendered":"Marqu\u00e9s de Murrieta Colecci\u00f3n Hist\u00f3rica 170 Aniversario"},"content":{"rendered":"<p>Marqu\u00e9s de Murrieta Reserva 2012, 2013, 2014, 2015, 2016, 2017<\/p>\n<p>6 botellas de Marqu\u00e9s de Murrieta de 6 a\u00f1adas diferentes por una colecci\u00f3n por el 170 aniversario.<\/p>\n","protected":false},"excerpt":{"rendered":"<p>Marqu\u00e9s de Murrieta Reserva 2012, 2013, 2014, 2015, 2016, 2017 6 botellas de Marqu\u00e9s de Murrieta de 6 a\u00f1adas diferentes\u2026<\/p>\n","protected":false},"featured_media":9992,"template":"","meta":{"inline_featured_image":false,"_monsterinsights_skip_tracking":false,"_monsterinsights_sitenote_active":false,"_monsterinsights_sitenote_note":"","_monsterinsights_sitenote_category":0},"product_brand":[],"product_cat":[792,752,689,988,77],"product_tag":[],"class_list":{"0":"post-9984","1":"product","2":"type-product","3":"status-publish","4":"has-post-thumbnail","6":"product_cat-novedades","7":"product_cat-packs-especiales","8":"product_cat-para-regalo","9":"product_cat-san-valentin-2026","10":"product_cat-vinos-tintos","11":"pa_bodega-marques-de-murrieta","12":"pa_zona-vinicola-d-o-c-rioja","14":"first","15":"instock","16":"taxable","17":"shipping-taxable","18":"purchasable","19":"product-type-simple"},"_links":{"self":[{"href":"https:\/\/www.mr-vin.com\/en\/wp-json\/wp\/v2\/product\/9984","targetHints":{"allow":["GET"]}}],"collection":[{"href":"https:\/\/www.mr-vin.com\/en\/wp-json\/wp\/v2\/product"}],"about":[{"href":"https:\/\/www.mr-vin.com\/en\/wp-json\/wp\/v2\/types\/product"}],"wp:featuredmedia":[{"embeddable":true,"href":"https:\/\/www.mr-vin.com\/en\/wp-json\/wp\/v2\/media\/9992"}],"wp:attachment":[{"href":"https:\/\/www.mr-vin.com\/en\/wp-json\/wp\/v2\/media?parent=9984"}],"wp:term":[{"taxonomy":"product_brand","embeddable":true,"href":"https:\/\/www.mr-vin.com\/en\/wp-json\/wp\/v2\/product_brand?post=9984"},{"taxonomy":"product_cat","embeddable":true,"href":"https:\/\/www.mr-vin.com\/en\/wp-json\/wp\/v2\/product_cat?post=9984"},{"taxonomy":"product_tag","embeddable":true,"href":"https:\/\/www.mr-vin.com\/en\/wp-json\/wp\/v2\/product_tag?post=9984"}],"curies":[{"name":"wp","href":"https:\/\/api.w.org\/{rel}","templated":true}]}}