{"id":9798,"date":"2025-06-16T12:13:47","date_gmt":"2025-06-16T10:13:47","guid":{"rendered":"https:\/\/www.mr-vin.com\/?post_type=product&#038;p=9798"},"modified":"2026-02-04T11:16:27","modified_gmt":"2026-02-04T09:16:27","slug":"herencia-altes-llunari","status":"publish","type":"product","link":"https:\/\/www.mr-vin.com\/en\/product\/herencia-altes-llunari\/","title":{"rendered":"Herencia alt\u00e9s Llunari"},"content":{"rendered":"<p><strong>100% Garnacha Blanca\u00a0<\/strong><\/p>\n<p>Un vino blanco que se elabora como un tinto: vendimia manual en cajas de 18 kg. Una vez en bodega, la uva se despalilla y se pisa y se lleva a un dep\u00f3sito de hormig\u00f3n para enfriar el mosto con las pieles a 5 &#8211; 8\u00baC hasta el comienzo de la fermentaci\u00f3n alcoh\u00f3lica. El mosto\/vino pasa un total de 20 d\u00edas en contacto con las pieles antes de prensar y transferir el vino a 3 \u00e1nforas de 600 L, donde el vino reposar\u00e1 durante 5 meses.<\/p>\n<p>&nbsp;<\/p>\n<p>El Llunari es un vino brisado, de color dorado intenso con reflejos anaranjados. Gran intensidad arom\u00e1tica, con recuerdos a membrillo y ralladura de piel de naranja. Final a hinojo y almendra. En boca tiene una entrada fresca y un paso envolvente. Largo post-gusto con reminiscencia de almendras crudas.<\/p>\n<p>&nbsp;<\/p>\n<p class=\"feature-title\"><em><strong>MARIDAJE:<\/strong> Acompa\u00f1a muy bien platos de cocina tradicional en escabeche, como las sardinas o el pollo. Ideal tambi\u00e9n con ortigas rebozadas o con un ceviche de corvina.<\/em><\/p>\n","protected":false},"excerpt":{"rendered":"<p>100% Garnacha Blanca\u00a0 Un vino blanco que se elabora como un tinto: vendimia manual en cajas de 18 kg. Una\u2026<\/p>\n","protected":false},"featured_media":9799,"template":"","meta":{"inline_featured_image":false,"_monsterinsights_skip_tracking":false,"_monsterinsights_sitenote_active":false,"_monsterinsights_sitenote_note":"","_monsterinsights_sitenote_category":0},"product_brand":[],"product_cat":[792,988,79,78],"product_tag":[],"class_list":{"0":"post-9798","1":"product","2":"type-product","3":"status-publish","4":"has-post-thumbnail","6":"product_cat-novedades","7":"product_cat-san-valentin-2026","8":"product_cat-vinos-blancos","9":"product_cat-vinos-ecologicos","10":"pa_bodega-herencia-altes","11":"pa_zona-vinicola-d-o-terra-alta","13":"first","14":"instock","15":"taxable","16":"shipping-taxable","17":"purchasable","18":"product-type-simple"},"_links":{"self":[{"href":"https:\/\/www.mr-vin.com\/en\/wp-json\/wp\/v2\/product\/9798","targetHints":{"allow":["GET"]}}],"collection":[{"href":"https:\/\/www.mr-vin.com\/en\/wp-json\/wp\/v2\/product"}],"about":[{"href":"https:\/\/www.mr-vin.com\/en\/wp-json\/wp\/v2\/types\/product"}],"wp:featuredmedia":[{"embeddable":true,"href":"https:\/\/www.mr-vin.com\/en\/wp-json\/wp\/v2\/media\/9799"}],"wp:attachment":[{"href":"https:\/\/www.mr-vin.com\/en\/wp-json\/wp\/v2\/media?parent=9798"}],"wp:term":[{"taxonomy":"product_brand","embeddable":true,"href":"https:\/\/www.mr-vin.com\/en\/wp-json\/wp\/v2\/product_brand?post=9798"},{"taxonomy":"product_cat","embeddable":true,"href":"https:\/\/www.mr-vin.com\/en\/wp-json\/wp\/v2\/product_cat?post=9798"},{"taxonomy":"product_tag","embeddable":true,"href":"https:\/\/www.mr-vin.com\/en\/wp-json\/wp\/v2\/product_tag?post=9798"}],"curies":[{"name":"wp","href":"https:\/\/api.w.org\/{rel}","templated":true}]}}