{"id":9791,"date":"2025-06-10T10:44:18","date_gmt":"2025-06-10T08:44:18","guid":{"rendered":"https:\/\/www.mr-vin.com\/?post_type=product&#038;p=9791"},"modified":"2025-08-12T12:44:24","modified_gmt":"2025-08-12T10:44:24","slug":"gonet-medeville-tradition-premier-cru","status":"publish","type":"product","link":"https:\/\/www.mr-vin.com\/en\/product\/gonet-medeville-tradition-premier-cru\/","title":{"rendered":"Gonet-M\u00e9deville Tradition Premier Cru"},"content":{"rendered":"<div class=\"item\"><strong>Variedad:<\/strong> Chardonnay, Pinot Noir, Meunier<\/div>\n<p>&nbsp;<\/p>\n<p>Gonet-M\u00e9deville Tradition Premier Cru es un cuv\u00e9e inicial, ensamblaje de un 70% de chardonnay, un 25% de pinot noir y un 5% de pinot meunier de los pueblos de Bisseuil, Mesnil-sur-Oger y Mareuil-sur-A\u00ff. Un 80% del vino pertenece a la a\u00f1ada 2020 y el resto son vinos de reserva.<\/p>\n<p>Tras m\u00e1s de 2 a\u00f1os de crianza en las cavas y un \u201cdosage\u201d de 3,5 gramos de az\u00facar por litro, ofrece un perfil fresco, con predominio de los aromas de fruta blanca, c\u00edtricos, frutos secos y boller\u00eda y una agradable sensaci\u00f3n de cremosidad en boca.<\/p>\n","protected":false},"excerpt":{"rendered":"<p>Variedad: Chardonnay, Pinot Noir, Meunier &nbsp; Gonet-M\u00e9deville Tradition Premier Cru es un cuv\u00e9e inicial, ensamblaje de un 70% de chardonnay,\u2026<\/p>\n","protected":false},"featured_media":9792,"template":"","meta":{"inline_featured_image":false,"_monsterinsights_skip_tracking":false,"_monsterinsights_sitenote_active":false,"_monsterinsights_sitenote_note":"","_monsterinsights_sitenote_category":0},"product_brand":[],"product_cat":[277,792],"product_tag":[],"class_list":{"0":"post-9791","1":"product","2":"type-product","3":"status-publish","4":"has-post-thumbnail","6":"product_cat-espumosos","7":"product_cat-novedades","8":"pa_bodega-gonet-medeville","9":"pa_zona-vinicola-champagne","11":"first","12":"instock","13":"taxable","14":"shipping-taxable","15":"purchasable","16":"product-type-simple"},"_links":{"self":[{"href":"https:\/\/www.mr-vin.com\/en\/wp-json\/wp\/v2\/product\/9791","targetHints":{"allow":["GET"]}}],"collection":[{"href":"https:\/\/www.mr-vin.com\/en\/wp-json\/wp\/v2\/product"}],"about":[{"href":"https:\/\/www.mr-vin.com\/en\/wp-json\/wp\/v2\/types\/product"}],"wp:featuredmedia":[{"embeddable":true,"href":"https:\/\/www.mr-vin.com\/en\/wp-json\/wp\/v2\/media\/9792"}],"wp:attachment":[{"href":"https:\/\/www.mr-vin.com\/en\/wp-json\/wp\/v2\/media?parent=9791"}],"wp:term":[{"taxonomy":"product_brand","embeddable":true,"href":"https:\/\/www.mr-vin.com\/en\/wp-json\/wp\/v2\/product_brand?post=9791"},{"taxonomy":"product_cat","embeddable":true,"href":"https:\/\/www.mr-vin.com\/en\/wp-json\/wp\/v2\/product_cat?post=9791"},{"taxonomy":"product_tag","embeddable":true,"href":"https:\/\/www.mr-vin.com\/en\/wp-json\/wp\/v2\/product_tag?post=9791"}],"curies":[{"name":"wp","href":"https:\/\/api.w.org\/{rel}","templated":true}]}}