{"id":9768,"date":"2025-05-13T12:03:15","date_gmt":"2025-05-13T10:03:15","guid":{"rendered":"https:\/\/www.mr-vin.com\/?post_type=product&#038;p=9768"},"modified":"2025-10-16T14:02:43","modified_gmt":"2025-10-16T12:02:43","slug":"9768","status":"publish","type":"product","link":"https:\/\/www.mr-vin.com\/en\/product\/9768\/","title":{"rendered":"Xumeu vinya brut rose"},"content":{"rendered":"<p><strong>Variedad:<\/strong> 86% Monastrell 14% Syrah.<\/p>\n<p>M\u00e9todo tradicional de segunda fermentaci\u00f3n en botella, con una crianza en rima superior a 30 meses.<br \/>\nBrut Nature totalmente seco, sin adici\u00f3n de az\u00facar ni licor de expedici\u00f3n.<\/p>\n<p><em>\u00a0Marida a la perfecci\u00f3n con arroces, pescados, mariscos, aves, quesos y jam\u00f3n ib\u00e9rico.<\/em><\/p>\n","protected":false},"excerpt":{"rendered":"<p>Variedad: 86% Monastrell 14% Syrah. M\u00e9todo tradicional de segunda fermentaci\u00f3n en botella, con una crianza en rima superior a 30\u2026<\/p>\n","protected":false},"featured_media":9769,"template":"","meta":{"inline_featured_image":false,"_monsterinsights_skip_tracking":false,"_monsterinsights_sitenote_active":false,"_monsterinsights_sitenote_note":"","_monsterinsights_sitenote_category":0},"product_brand":[],"product_cat":[277,792],"product_tag":[],"class_list":{"0":"post-9768","1":"product","2":"type-product","3":"status-publish","4":"has-post-thumbnail","6":"product_cat-espumosos","7":"product_cat-novedades","8":"pa_bodega-xumeu-vinya","9":"pa_zona-vinicola-v-t-eivissa","11":"first","12":"instock","13":"taxable","14":"shipping-taxable","15":"purchasable","16":"product-type-simple"},"_links":{"self":[{"href":"https:\/\/www.mr-vin.com\/en\/wp-json\/wp\/v2\/product\/9768","targetHints":{"allow":["GET"]}}],"collection":[{"href":"https:\/\/www.mr-vin.com\/en\/wp-json\/wp\/v2\/product"}],"about":[{"href":"https:\/\/www.mr-vin.com\/en\/wp-json\/wp\/v2\/types\/product"}],"wp:featuredmedia":[{"embeddable":true,"href":"https:\/\/www.mr-vin.com\/en\/wp-json\/wp\/v2\/media\/9769"}],"wp:attachment":[{"href":"https:\/\/www.mr-vin.com\/en\/wp-json\/wp\/v2\/media?parent=9768"}],"wp:term":[{"taxonomy":"product_brand","embeddable":true,"href":"https:\/\/www.mr-vin.com\/en\/wp-json\/wp\/v2\/product_brand?post=9768"},{"taxonomy":"product_cat","embeddable":true,"href":"https:\/\/www.mr-vin.com\/en\/wp-json\/wp\/v2\/product_cat?post=9768"},{"taxonomy":"product_tag","embeddable":true,"href":"https:\/\/www.mr-vin.com\/en\/wp-json\/wp\/v2\/product_tag?post=9768"}],"curies":[{"name":"wp","href":"https:\/\/api.w.org\/{rel}","templated":true}]}}