{"id":9627,"date":"2025-04-09T12:49:54","date_gmt":"2025-04-09T10:49:54","guid":{"rendered":"https:\/\/www.mr-vin.com\/?post_type=product&#038;p=9627"},"modified":"2025-04-09T12:57:21","modified_gmt":"2025-04-09T10:57:21","slug":"vinas-del-vero-seleccion-varietales-rosado-palido","status":"publish","type":"product","link":"https:\/\/www.mr-vin.com\/en\/product\/vinas-del-vero-seleccion-varietales-rosado-palido\/","title":{"rendered":"Vi\u00f1as del vero selecci\u00f3n varietales (rosado p\u00e1lido)"},"content":{"rendered":"<p>Es fruto de una meticulosa elaboraci\u00f3n llevada a cabo con el objetivo de convertirlo en la opci\u00f3n ideal, durante todo el a\u00f1o, para quienes buscan frescura y sutileza acompa\u00f1adas de una buena estructura y concentraci\u00f3n de aromas. Un magn\u00edfico ensamblaje de variedades tradicionales del Somontano, entre las que destacan merlot y tempranillo, que resulta una grata sorpresa para cualquier paladar.<\/p>\n<p>&nbsp;<\/p>\n<p><strong>Vi\u00f1as del Vero Selecci\u00f3n de Varietales Rosado <\/strong>es un agradable y vers\u00e1til vino rosado, acogido a la\u00a0<strong>D.O. Somontano<\/strong>,\u00a0<em>ideal para degustar solo o con todo tipo de aperitivos, arroces, ensaladas, platos especiados y carnes a la plancha.<\/em><\/p>\n","protected":false},"excerpt":{"rendered":"<p>Es fruto de una meticulosa elaboraci\u00f3n llevada a cabo con el objetivo de convertirlo en la opci\u00f3n ideal, durante todo\u2026<\/p>\n","protected":false},"featured_media":9631,"template":"","meta":{"inline_featured_image":false,"_monsterinsights_skip_tracking":false,"_monsterinsights_sitenote_active":false,"_monsterinsights_sitenote_note":"","_monsterinsights_sitenote_category":0},"product_brand":[],"product_cat":[792,80],"product_tag":[],"class_list":{"0":"post-9627","1":"product","2":"type-product","3":"status-publish","4":"has-post-thumbnail","6":"product_cat-novedades","7":"product_cat-vinos-rosados","8":"pa_bodega-vinas-del-vero","9":"pa_zona-vinicola-d-o-somontano","11":"first","12":"instock","13":"taxable","14":"shipping-taxable","15":"purchasable","16":"product-type-simple"},"_links":{"self":[{"href":"https:\/\/www.mr-vin.com\/en\/wp-json\/wp\/v2\/product\/9627","targetHints":{"allow":["GET"]}}],"collection":[{"href":"https:\/\/www.mr-vin.com\/en\/wp-json\/wp\/v2\/product"}],"about":[{"href":"https:\/\/www.mr-vin.com\/en\/wp-json\/wp\/v2\/types\/product"}],"wp:featuredmedia":[{"embeddable":true,"href":"https:\/\/www.mr-vin.com\/en\/wp-json\/wp\/v2\/media\/9631"}],"wp:attachment":[{"href":"https:\/\/www.mr-vin.com\/en\/wp-json\/wp\/v2\/media?parent=9627"}],"wp:term":[{"taxonomy":"product_brand","embeddable":true,"href":"https:\/\/www.mr-vin.com\/en\/wp-json\/wp\/v2\/product_brand?post=9627"},{"taxonomy":"product_cat","embeddable":true,"href":"https:\/\/www.mr-vin.com\/en\/wp-json\/wp\/v2\/product_cat?post=9627"},{"taxonomy":"product_tag","embeddable":true,"href":"https:\/\/www.mr-vin.com\/en\/wp-json\/wp\/v2\/product_tag?post=9627"}],"curies":[{"name":"wp","href":"https:\/\/api.w.org\/{rel}","templated":true}]}}