{"id":9620,"date":"2025-04-08T12:38:22","date_gmt":"2025-04-08T10:38:22","guid":{"rendered":"https:\/\/www.mr-vin.com\/?post_type=product&#038;p=9620"},"modified":"2025-04-08T12:38:22","modified_gmt":"2025-04-08T10:38:22","slug":"astarte-blanco-sin-sulfitos","status":"publish","type":"product","link":"https:\/\/www.mr-vin.com\/en\/product\/astarte-blanco-sin-sulfitos\/","title":{"rendered":"Astart\u00e9 blanco (sin sulfitos)"},"content":{"rendered":"<p>100% Viognier.<\/p>\n<p>Maceraci\u00f3n: Racimos enteros 18 horas en c\u00e1mara frigor\u00edfica.<br \/>\nFermentaci\u00f3n: 25-30 d\u00edas de duraci\u00f3n. Fermentaci\u00f3n y crianza sobre l\u00edas en tinaja de barro. Sin estabilizar. Filtraci\u00f3n: a 1 micra.<\/p>\n<p>En boca aparece toda la mineralidad aportada por la cer\u00e1mica de la tinaja. Tiene una acidez equilibrada, qu\u00e9 hacen que goce de un buen paso por boca. Goloso, amplio y con un buen postgusto.<\/p>\n<p><em><strong>Maridaje:<\/strong> Marida muy bien con arroces, fideu\u00e1s, pescados y carnes blancas. Tambi\u00e9n con platos dif\u00edciles de maridar como las alcachofas y los esp\u00e1rragos. Combina adem\u00e1s con quesos curados y embutidos ib\u00e9ricos.<\/em><\/p>\n","protected":false},"excerpt":{"rendered":"<p>100% Viognier. Maceraci\u00f3n: Racimos enteros 18 horas en c\u00e1mara frigor\u00edfica. Fermentaci\u00f3n: 25-30 d\u00edas de duraci\u00f3n. Fermentaci\u00f3n y crianza sobre l\u00edas\u2026<\/p>\n","protected":false},"featured_media":9621,"template":"","meta":{"inline_featured_image":false,"_monsterinsights_skip_tracking":false,"_monsterinsights_sitenote_active":false,"_monsterinsights_sitenote_note":"","_monsterinsights_sitenote_category":0},"product_brand":[],"product_cat":[792,79,78],"product_tag":[],"class_list":{"0":"post-9620","1":"product","2":"type-product","3":"status-publish","4":"has-post-thumbnail","6":"product_cat-novedades","7":"product_cat-vinos-blancos","8":"product_cat-vinos-ecologicos","9":"pa_bodega-terramoll","10":"pa_zona-vinicola-v-t-formentera","12":"first","13":"instock","14":"taxable","15":"shipping-taxable","16":"purchasable","17":"product-type-simple"},"_links":{"self":[{"href":"https:\/\/www.mr-vin.com\/en\/wp-json\/wp\/v2\/product\/9620","targetHints":{"allow":["GET"]}}],"collection":[{"href":"https:\/\/www.mr-vin.com\/en\/wp-json\/wp\/v2\/product"}],"about":[{"href":"https:\/\/www.mr-vin.com\/en\/wp-json\/wp\/v2\/types\/product"}],"wp:featuredmedia":[{"embeddable":true,"href":"https:\/\/www.mr-vin.com\/en\/wp-json\/wp\/v2\/media\/9621"}],"wp:attachment":[{"href":"https:\/\/www.mr-vin.com\/en\/wp-json\/wp\/v2\/media?parent=9620"}],"wp:term":[{"taxonomy":"product_brand","embeddable":true,"href":"https:\/\/www.mr-vin.com\/en\/wp-json\/wp\/v2\/product_brand?post=9620"},{"taxonomy":"product_cat","embeddable":true,"href":"https:\/\/www.mr-vin.com\/en\/wp-json\/wp\/v2\/product_cat?post=9620"},{"taxonomy":"product_tag","embeddable":true,"href":"https:\/\/www.mr-vin.com\/en\/wp-json\/wp\/v2\/product_tag?post=9620"}],"curies":[{"name":"wp","href":"https:\/\/api.w.org\/{rel}","templated":true}]}}