{"id":9604,"date":"2025-03-28T14:22:21","date_gmt":"2025-03-28T12:22:21","guid":{"rendered":"https:\/\/www.mr-vin.com\/?post_type=product&#038;p=9604"},"modified":"2026-01-21T10:01:40","modified_gmt":"2026-01-21T08:01:40","slug":"9604","status":"publish","type":"product","link":"https:\/\/www.mr-vin.com\/en\/product\/9604\/","title":{"rendered":"Marqu\u00e9s de Vizhoja Albari\u00f1o"},"content":{"rendered":"<div id=\"product-description-short-48\" class=\"rte-content product-description\">\n<p>Vino blanco de <strong>varietales Albari\u00f1o y Loureira Blanca<\/strong>, sin Denominaci\u00f3n de origen, m\u00e1xima apuesta de innovaci\u00f3n de esta bodega gallega, de color amarillo pajizo con entrada en boca fresca, es un vino ligero y sabroso.<\/p>\n<\/div>\n<div class=\"product-actions js-product-actions\">\n<form id=\"add-to-cart-or-refresh\" action=\"https:\/\/www.vinoscaballer.com\/carrito\" method=\"post\">\n<div class=\"product-variants js-product-variants\"><\/div>\n<div class=\"product_p_price_container\">\n<div class=\"product-prices js-product-prices\">\n<div class=\"\"><em><strong>Maridaje:<\/strong> Perfecto con pescados, pastas, marisco..<\/em><\/div>\n<\/div>\n<\/div>\n<\/form>\n<\/div>\n","protected":false},"excerpt":{"rendered":"<p>Vino blanco de varietales Albari\u00f1o y Loureira Blanca, sin Denominaci\u00f3n de origen, m\u00e1xima apuesta de innovaci\u00f3n de esta bodega gallega,\u2026<\/p>\n","protected":false},"featured_media":9605,"template":"","meta":{"inline_featured_image":false,"_monsterinsights_skip_tracking":false,"_monsterinsights_sitenote_active":false,"_monsterinsights_sitenote_note":"","_monsterinsights_sitenote_category":0},"product_brand":[],"product_cat":[792,79],"product_tag":[],"class_list":{"0":"post-9604","1":"product","2":"type-product","3":"status-publish","4":"has-post-thumbnail","6":"product_cat-novedades","7":"product_cat-vinos-blancos","8":"pa_bodega-marques-de-vizhoja","9":"pa_zona-vinicola-d-o-rias-baixas","11":"first","12":"instock","13":"taxable","14":"shipping-taxable","15":"purchasable","16":"product-type-simple"},"_links":{"self":[{"href":"https:\/\/www.mr-vin.com\/en\/wp-json\/wp\/v2\/product\/9604","targetHints":{"allow":["GET"]}}],"collection":[{"href":"https:\/\/www.mr-vin.com\/en\/wp-json\/wp\/v2\/product"}],"about":[{"href":"https:\/\/www.mr-vin.com\/en\/wp-json\/wp\/v2\/types\/product"}],"wp:featuredmedia":[{"embeddable":true,"href":"https:\/\/www.mr-vin.com\/en\/wp-json\/wp\/v2\/media\/9605"}],"wp:attachment":[{"href":"https:\/\/www.mr-vin.com\/en\/wp-json\/wp\/v2\/media?parent=9604"}],"wp:term":[{"taxonomy":"product_brand","embeddable":true,"href":"https:\/\/www.mr-vin.com\/en\/wp-json\/wp\/v2\/product_brand?post=9604"},{"taxonomy":"product_cat","embeddable":true,"href":"https:\/\/www.mr-vin.com\/en\/wp-json\/wp\/v2\/product_cat?post=9604"},{"taxonomy":"product_tag","embeddable":true,"href":"https:\/\/www.mr-vin.com\/en\/wp-json\/wp\/v2\/product_tag?post=9604"}],"curies":[{"name":"wp","href":"https:\/\/api.w.org\/{rel}","templated":true}]}}