{"id":9601,"date":"2025-03-28T13:52:13","date_gmt":"2025-03-28T11:52:13","guid":{"rendered":"https:\/\/www.mr-vin.com\/?post_type=product&#038;p=9601"},"modified":"2025-08-12T12:44:24","modified_gmt":"2025-08-12T10:44:24","slug":"o-chan-godello","status":"publish","type":"product","link":"https:\/\/www.mr-vin.com\/en\/product\/o-chan-godello\/","title":{"rendered":"O chan godello"},"content":{"rendered":"<p>O Chan es un <strong>100% Godello<\/strong> de El Bierzo. Este vino que nace del deseo de la familia Pariente por elaborar en una zona vitivin\u00edcola \u00fanica, valorada por su ubicaci\u00f3n y por concentrar gran parte de las cepas m\u00e1s viejas del mundo. Una elaboraci\u00f3n que retrata la expresi\u00f3n del suelo y el arraigo de la uva blanca Godello al Bierzo. Nace a partir de un vi\u00f1edo plantado a 607 metros de altitud en Caba\u00f1as Raras y pasa por una fermentaci\u00f3n alcoh\u00f3lica en dep\u00f3sitos de acero inoxidable y barricas de madera de roble franc\u00e9s usadas.<\/p>\n<p>Un vino arom\u00e1tico, afilado, con car\u00e1cter e identidad propia.<\/p>\n<p><em><strong>Maridaje:<\/strong> Un vino perfecto para maridar pescados sabrosos, mariscos, carnes blancas y una amplia variedad de quesos.<\/em><\/p>\n","protected":false},"excerpt":{"rendered":"<p>O Chan es un 100% Godello de El Bierzo. Este vino que nace del deseo de la familia Pariente por\u2026<\/p>\n","protected":false},"featured_media":9602,"template":"","meta":{"inline_featured_image":false,"_monsterinsights_skip_tracking":false,"_monsterinsights_sitenote_active":false,"_monsterinsights_sitenote_note":"","_monsterinsights_sitenote_category":0},"product_brand":[],"product_cat":[792,79],"product_tag":[],"class_list":{"0":"post-9601","1":"product","2":"type-product","3":"status-publish","4":"has-post-thumbnail","6":"product_cat-novedades","7":"product_cat-vinos-blancos","8":"pa_bodega-prieto-pariente","9":"pa_zona-vinicola-d-o-bierzo","11":"first","12":"instock","13":"taxable","14":"shipping-taxable","15":"purchasable","16":"product-type-simple"},"_links":{"self":[{"href":"https:\/\/www.mr-vin.com\/en\/wp-json\/wp\/v2\/product\/9601","targetHints":{"allow":["GET"]}}],"collection":[{"href":"https:\/\/www.mr-vin.com\/en\/wp-json\/wp\/v2\/product"}],"about":[{"href":"https:\/\/www.mr-vin.com\/en\/wp-json\/wp\/v2\/types\/product"}],"wp:featuredmedia":[{"embeddable":true,"href":"https:\/\/www.mr-vin.com\/en\/wp-json\/wp\/v2\/media\/9602"}],"wp:attachment":[{"href":"https:\/\/www.mr-vin.com\/en\/wp-json\/wp\/v2\/media?parent=9601"}],"wp:term":[{"taxonomy":"product_brand","embeddable":true,"href":"https:\/\/www.mr-vin.com\/en\/wp-json\/wp\/v2\/product_brand?post=9601"},{"taxonomy":"product_cat","embeddable":true,"href":"https:\/\/www.mr-vin.com\/en\/wp-json\/wp\/v2\/product_cat?post=9601"},{"taxonomy":"product_tag","embeddable":true,"href":"https:\/\/www.mr-vin.com\/en\/wp-json\/wp\/v2\/product_tag?post=9601"}],"curies":[{"name":"wp","href":"https:\/\/api.w.org\/{rel}","templated":true}]}}