{"id":9594,"date":"2025-03-25T14:04:14","date_gmt":"2025-03-25T12:04:14","guid":{"rendered":"https:\/\/www.mr-vin.com\/?post_type=product&#038;p=9594"},"modified":"2025-03-25T14:04:14","modified_gmt":"2025-03-25T12:04:14","slug":"pesquera-albillo-mayor","status":"publish","type":"product","link":"https:\/\/www.mr-vin.com\/en\/product\/pesquera-albillo-mayor\/","title":{"rendered":"Pesquera Albillo Mayor"},"content":{"rendered":"<p>100% Albillo<\/p>\n<p>Uva blanca que se entremezclan con cepas de Tempranillo. Esta variedad, llamada Albillo Mayor, se plantaba desde tiempos inmemorables en nuestros pueblos, como variedad de mezcla, con la que se obten\u00eda el clarete y que adem\u00e1s serv\u00eda como postre para los vendimiadores en \u00e9poca de recolecci\u00f3n.<br \/>\nEste vino presenta matices propios de esta variedad; flores blancas, ligera presencia de fruta de hueso con sutiles matices c\u00edtricos. El roble franc\u00e9s aporta persistencia en boca y una ligera cremosidad que respeta en esencia la acidez del vino.<\/p>\n<p><em><strong><span class=\"name\">Maridaje: <\/span><\/strong><span class=\"bold \">Risotos \u2022 arroces de pescado \u2022 arroces marineros y mariscos como ostras \u2022 carnes blancas \u2022 quesos de oveja<\/span><\/em><\/p>\n","protected":false},"excerpt":{"rendered":"<p>100% Albillo Uva blanca que se entremezclan con cepas de Tempranillo. Esta variedad, llamada Albillo Mayor, se plantaba desde tiempos\u2026<\/p>\n","protected":false},"featured_media":9595,"template":"","meta":{"inline_featured_image":false,"_monsterinsights_skip_tracking":false,"_monsterinsights_sitenote_active":false,"_monsterinsights_sitenote_note":"","_monsterinsights_sitenote_category":0},"product_brand":[],"product_cat":[792,79],"product_tag":[],"class_list":{"0":"post-9594","1":"product","2":"type-product","3":"status-publish","4":"has-post-thumbnail","6":"product_cat-novedades","7":"product_cat-vinos-blancos","8":"pa_bodega-pesquera","9":"pa_zona-vinicola-d-o-ribera-del-duero","11":"first","12":"instock","13":"taxable","14":"shipping-taxable","15":"purchasable","16":"product-type-simple"},"_links":{"self":[{"href":"https:\/\/www.mr-vin.com\/en\/wp-json\/wp\/v2\/product\/9594","targetHints":{"allow":["GET"]}}],"collection":[{"href":"https:\/\/www.mr-vin.com\/en\/wp-json\/wp\/v2\/product"}],"about":[{"href":"https:\/\/www.mr-vin.com\/en\/wp-json\/wp\/v2\/types\/product"}],"wp:featuredmedia":[{"embeddable":true,"href":"https:\/\/www.mr-vin.com\/en\/wp-json\/wp\/v2\/media\/9595"}],"wp:attachment":[{"href":"https:\/\/www.mr-vin.com\/en\/wp-json\/wp\/v2\/media?parent=9594"}],"wp:term":[{"taxonomy":"product_brand","embeddable":true,"href":"https:\/\/www.mr-vin.com\/en\/wp-json\/wp\/v2\/product_brand?post=9594"},{"taxonomy":"product_cat","embeddable":true,"href":"https:\/\/www.mr-vin.com\/en\/wp-json\/wp\/v2\/product_cat?post=9594"},{"taxonomy":"product_tag","embeddable":true,"href":"https:\/\/www.mr-vin.com\/en\/wp-json\/wp\/v2\/product_tag?post=9594"}],"curies":[{"name":"wp","href":"https:\/\/api.w.org\/{rel}","templated":true}]}}