{"id":9579,"date":"2025-03-11T13:48:32","date_gmt":"2025-03-11T11:48:32","guid":{"rendered":"https:\/\/www.mr-vin.com\/?post_type=product&#038;p=9579"},"modified":"2025-03-11T13:48:32","modified_gmt":"2025-03-11T11:48:32","slug":"san-pedro-1865-sauvignon-blanc","status":"publish","type":"product","link":"https:\/\/www.mr-vin.com\/en\/product\/san-pedro-1865-sauvignon-blanc\/","title":{"rendered":"San Pedro 1865 Sauvignon blanc"},"content":{"rendered":"<p>100% Sauvignon blanc. Crianza en barrica francesa por 12 meses.<\/p>\n<p>La influencia del oc\u00e9ano Pac\u00edfico en el Valle de Leyda se traduce en este\u00a0<strong>Sauvignon Blanc<\/strong>\u00a0de vibrante acidez y car\u00e1cter expresivo. Desde c\u00edtricos hasta frutas tropicales junto con destacadas notas herbales, esta es una perfecta combinaci\u00f3n de variedad y origen con un resultado excepcional.<\/p>\n<p><em>Ideal para acompa\u00f1ar ostras, centolla, t\u00e1rtaro de salm\u00f3n o at\u00fan y todo tipo de mariscos frescos.<\/em><\/p>\n","protected":false},"excerpt":{"rendered":"<p>100% Sauvignon blanc. Crianza en barrica francesa por 12 meses. La influencia del oc\u00e9ano Pac\u00edfico en el Valle de Leyda\u2026<\/p>\n","protected":false},"featured_media":9580,"template":"","meta":{"inline_featured_image":false,"_monsterinsights_skip_tracking":false,"_monsterinsights_sitenote_active":false,"_monsterinsights_sitenote_note":"","_monsterinsights_sitenote_category":0},"product_brand":[],"product_cat":[792,79],"product_tag":[],"class_list":{"0":"post-9579","1":"product","2":"type-product","3":"status-publish","4":"has-post-thumbnail","6":"product_cat-novedades","7":"product_cat-vinos-blancos","8":"pa_bodega-san-pedro","9":"pa_zona-vinicola-valle-de-leyda","11":"first","12":"instock","13":"taxable","14":"shipping-taxable","15":"purchasable","16":"product-type-simple"},"_links":{"self":[{"href":"https:\/\/www.mr-vin.com\/en\/wp-json\/wp\/v2\/product\/9579","targetHints":{"allow":["GET"]}}],"collection":[{"href":"https:\/\/www.mr-vin.com\/en\/wp-json\/wp\/v2\/product"}],"about":[{"href":"https:\/\/www.mr-vin.com\/en\/wp-json\/wp\/v2\/types\/product"}],"wp:featuredmedia":[{"embeddable":true,"href":"https:\/\/www.mr-vin.com\/en\/wp-json\/wp\/v2\/media\/9580"}],"wp:attachment":[{"href":"https:\/\/www.mr-vin.com\/en\/wp-json\/wp\/v2\/media?parent=9579"}],"wp:term":[{"taxonomy":"product_brand","embeddable":true,"href":"https:\/\/www.mr-vin.com\/en\/wp-json\/wp\/v2\/product_brand?post=9579"},{"taxonomy":"product_cat","embeddable":true,"href":"https:\/\/www.mr-vin.com\/en\/wp-json\/wp\/v2\/product_cat?post=9579"},{"taxonomy":"product_tag","embeddable":true,"href":"https:\/\/www.mr-vin.com\/en\/wp-json\/wp\/v2\/product_tag?post=9579"}],"curies":[{"name":"wp","href":"https:\/\/api.w.org\/{rel}","templated":true}]}}