{"id":9574,"date":"2025-03-11T11:39:04","date_gmt":"2025-03-11T09:39:04","guid":{"rendered":"https:\/\/www.mr-vin.com\/?post_type=product&#038;p=9574"},"modified":"2025-03-11T11:39:04","modified_gmt":"2025-03-11T09:39:04","slug":"nectar-px-gonzalez-byass","status":"publish","type":"product","link":"https:\/\/www.mr-vin.com\/en\/product\/nectar-px-gonzalez-byass\/","title":{"rendered":"Nectar PX Gonzalez Byass"},"content":{"rendered":"<p>100% Pedro Ximenez<\/p>\n<p>N\u00e9ctar presenta un intenso color \u00e9bano con l\u00e1grima muy amplia y sensaci\u00f3n visual de gran intensidad. En nariz ofrece aromas extremadamente ricos, con predominio de las notas dulzonas de frutos secos como pasas, higos y d\u00e1tiles, acompa\u00f1ados de aromas de miel y regaliz. En boca resulta aterciopelado y untuoso, con una acidez que mitiga el dulzor extremo y la calidez del alcohol, y un final muy largo y sabroso. N\u00e9ctar es ideal como postre y perfecto con helado de vainilla o chocolate negro.<\/p>\n<p>Chocolate, postres, quesos maduros&#8230;<\/p>\n","protected":false},"excerpt":{"rendered":"<p>100% Pedro Ximenez N\u00e9ctar presenta un intenso color \u00e9bano con l\u00e1grima muy amplia y sensaci\u00f3n visual de gran intensidad. En\u2026<\/p>\n","protected":false},"featured_media":9577,"template":"","meta":{"inline_featured_image":false,"_monsterinsights_skip_tracking":false,"_monsterinsights_sitenote_active":false,"_monsterinsights_sitenote_note":"","_monsterinsights_sitenote_category":0},"product_brand":[],"product_cat":[792,156],"product_tag":[],"class_list":{"0":"post-9574","1":"product","2":"type-product","3":"status-publish","4":"has-post-thumbnail","6":"product_cat-novedades","7":"product_cat-vinos-dulces","8":"pa_bodega-bodegas-tio-pepe","9":"pa_zona-vinicola-d-o-jerez","11":"first","12":"instock","13":"taxable","14":"shipping-taxable","15":"purchasable","16":"product-type-simple"},"_links":{"self":[{"href":"https:\/\/www.mr-vin.com\/en\/wp-json\/wp\/v2\/product\/9574","targetHints":{"allow":["GET"]}}],"collection":[{"href":"https:\/\/www.mr-vin.com\/en\/wp-json\/wp\/v2\/product"}],"about":[{"href":"https:\/\/www.mr-vin.com\/en\/wp-json\/wp\/v2\/types\/product"}],"wp:featuredmedia":[{"embeddable":true,"href":"https:\/\/www.mr-vin.com\/en\/wp-json\/wp\/v2\/media\/9577"}],"wp:attachment":[{"href":"https:\/\/www.mr-vin.com\/en\/wp-json\/wp\/v2\/media?parent=9574"}],"wp:term":[{"taxonomy":"product_brand","embeddable":true,"href":"https:\/\/www.mr-vin.com\/en\/wp-json\/wp\/v2\/product_brand?post=9574"},{"taxonomy":"product_cat","embeddable":true,"href":"https:\/\/www.mr-vin.com\/en\/wp-json\/wp\/v2\/product_cat?post=9574"},{"taxonomy":"product_tag","embeddable":true,"href":"https:\/\/www.mr-vin.com\/en\/wp-json\/wp\/v2\/product_tag?post=9574"}],"curies":[{"name":"wp","href":"https:\/\/api.w.org\/{rel}","templated":true}]}}