{"id":9335,"date":"2024-06-12T12:26:07","date_gmt":"2024-06-12T10:26:07","guid":{"rendered":"https:\/\/www.mr-vin.com\/?post_type=product&#038;p=9335"},"modified":"2024-06-12T12:26:07","modified_gmt":"2024-06-12T10:26:07","slug":"les-heritiers-du-comte-lafon-vire-clesse","status":"publish","type":"product","link":"https:\/\/www.mr-vin.com\/en\/product\/les-heritiers-du-comte-lafon-vire-clesse\/","title":{"rendered":"Les H\u00e9ritiers du Comte Lafon Vir\u00e9-Cless\u00e9"},"content":{"rendered":"<p><strong>Les H\u00e9ritiers du Comte Lafon Vir\u00e9-Cless\u00e9 2020<\/strong>\u00a0es un vino blanco perfilado con aromas de fruta blanca acompa\u00f1ado de notas c\u00edtricas y toques minerales. En boca es fresco, con una acidez punzante y un paso aterciopelado y suave.<\/p>\n<div class=\"mt-2\">Vino blanco Envejecido en madera Biodin\u00e1mico.<\/div>\n","protected":false},"excerpt":{"rendered":"<p>Les H\u00e9ritiers du Comte Lafon Vir\u00e9-Cless\u00e9 2020\u00a0es un vino blanco perfilado con aromas de fruta blanca acompa\u00f1ado de notas c\u00edtricas\u2026<\/p>\n","protected":false},"featured_media":9336,"template":"","meta":{"inline_featured_image":false,"_monsterinsights_skip_tracking":false,"_monsterinsights_sitenote_active":false,"_monsterinsights_sitenote_note":"","_monsterinsights_sitenote_category":0},"product_brand":[],"product_cat":[792,79],"product_tag":[],"class_list":{"0":"post-9335","1":"product","2":"type-product","3":"status-publish","4":"has-post-thumbnail","6":"product_cat-novedades","7":"product_cat-vinos-blancos","8":"pa_bodega-les-heritiers-du-comte-lafon","9":"pa_zona-vinicola-borgona","11":"first","12":"instock","13":"taxable","14":"shipping-taxable","15":"purchasable","16":"product-type-simple"},"_links":{"self":[{"href":"https:\/\/www.mr-vin.com\/en\/wp-json\/wp\/v2\/product\/9335","targetHints":{"allow":["GET"]}}],"collection":[{"href":"https:\/\/www.mr-vin.com\/en\/wp-json\/wp\/v2\/product"}],"about":[{"href":"https:\/\/www.mr-vin.com\/en\/wp-json\/wp\/v2\/types\/product"}],"wp:featuredmedia":[{"embeddable":true,"href":"https:\/\/www.mr-vin.com\/en\/wp-json\/wp\/v2\/media\/9336"}],"wp:attachment":[{"href":"https:\/\/www.mr-vin.com\/en\/wp-json\/wp\/v2\/media?parent=9335"}],"wp:term":[{"taxonomy":"product_brand","embeddable":true,"href":"https:\/\/www.mr-vin.com\/en\/wp-json\/wp\/v2\/product_brand?post=9335"},{"taxonomy":"product_cat","embeddable":true,"href":"https:\/\/www.mr-vin.com\/en\/wp-json\/wp\/v2\/product_cat?post=9335"},{"taxonomy":"product_tag","embeddable":true,"href":"https:\/\/www.mr-vin.com\/en\/wp-json\/wp\/v2\/product_tag?post=9335"}],"curies":[{"name":"wp","href":"https:\/\/api.w.org\/{rel}","templated":true}]}}