{"id":9325,"date":"2024-06-10T13:11:13","date_gmt":"2024-06-10T11:11:13","guid":{"rendered":"https:\/\/www.mr-vin.com\/?post_type=product&#038;p=9325"},"modified":"2024-06-10T13:11:14","modified_gmt":"2024-06-10T11:11:14","slug":"mikulski-bourgogne-cote-dor-rouge","status":"publish","type":"product","link":"https:\/\/www.mr-vin.com\/en\/product\/mikulski-bourgogne-cote-dor-rouge\/","title":{"rendered":"Mikulski Bourgogne C\u00f4te d\u00b4Or Rouge"},"content":{"rendered":"<p>Dos vi\u00f1edos ubicados en C\u00f4te de Beaune (Borgo\u00f1a), trabajados por Marie Pierre y Fran\u00e7ois Mikulski, alumbraron el vino\u00a0<strong>Domaine Fran\u00e7ois Mikulski Bourgogne C\u00f4te d\u00b4Or Rouge 2019,\u00a0<\/strong>un monovarietal de pinot noir cultivada con m\u00e9todos org\u00e1nicos, en un subsuelo formado por un fino sedimento de r\u00edo aluvial. Un magn\u00edfico tinto de guarda criado durante 10 meses en barricas de roble franc\u00e9s.<\/p>\n","protected":false},"excerpt":{"rendered":"<p>Dos vi\u00f1edos ubicados en C\u00f4te de Beaune (Borgo\u00f1a), trabajados por Marie Pierre y Fran\u00e7ois Mikulski, alumbraron el vino\u00a0Domaine Fran\u00e7ois Mikulski\u2026<\/p>\n","protected":false},"featured_media":9326,"template":"","meta":{"inline_featured_image":false,"_monsterinsights_skip_tracking":false,"_monsterinsights_sitenote_active":false,"_monsterinsights_sitenote_note":"","_monsterinsights_sitenote_category":0},"product_brand":[],"product_cat":[792,77],"product_tag":[],"class_list":{"0":"post-9325","1":"product","2":"type-product","3":"status-publish","4":"has-post-thumbnail","6":"product_cat-novedades","7":"product_cat-vinos-tintos","8":"pa_bodega-domaine-francois-mikulski","9":"pa_zona-vinicola-borgona","11":"first","12":"instock","13":"taxable","14":"shipping-taxable","15":"purchasable","16":"product-type-simple"},"_links":{"self":[{"href":"https:\/\/www.mr-vin.com\/en\/wp-json\/wp\/v2\/product\/9325","targetHints":{"allow":["GET"]}}],"collection":[{"href":"https:\/\/www.mr-vin.com\/en\/wp-json\/wp\/v2\/product"}],"about":[{"href":"https:\/\/www.mr-vin.com\/en\/wp-json\/wp\/v2\/types\/product"}],"wp:featuredmedia":[{"embeddable":true,"href":"https:\/\/www.mr-vin.com\/en\/wp-json\/wp\/v2\/media\/9326"}],"wp:attachment":[{"href":"https:\/\/www.mr-vin.com\/en\/wp-json\/wp\/v2\/media?parent=9325"}],"wp:term":[{"taxonomy":"product_brand","embeddable":true,"href":"https:\/\/www.mr-vin.com\/en\/wp-json\/wp\/v2\/product_brand?post=9325"},{"taxonomy":"product_cat","embeddable":true,"href":"https:\/\/www.mr-vin.com\/en\/wp-json\/wp\/v2\/product_cat?post=9325"},{"taxonomy":"product_tag","embeddable":true,"href":"https:\/\/www.mr-vin.com\/en\/wp-json\/wp\/v2\/product_tag?post=9325"}],"curies":[{"name":"wp","href":"https:\/\/api.w.org\/{rel}","templated":true}]}}