{"id":9130,"date":"2024-04-23T10:00:09","date_gmt":"2024-04-23T08:00:09","guid":{"rendered":"https:\/\/www.mr-vin.com\/?post_type=product&#038;p=9130"},"modified":"2024-04-23T10:05:41","modified_gmt":"2024-04-23T08:05:41","slug":"follador-proseco-superiore-valdobbiadene","status":"publish","type":"product","link":"https:\/\/www.mr-vin.com\/en\/product\/follador-proseco-superiore-valdobbiadene\/","title":{"rendered":"Follador Proseco Superiore Valdobbiadene"},"content":{"rendered":"<p>Este espumoso se elabora exclusivamente con uva de la <strong>variedad Glera<\/strong>, aut\u00f3ctona de la regi\u00f3n de Treviso, en el V\u00e9neto italiano, a 180 metros sobre el nivel del mar. Su vinificaci\u00f3n se lleva a cabo gracias al m\u00e9todo Charmat.<\/p>\n<p>Aromas a flores de almendro y frutas maduras, con un sabor aterciopelado y armonioso.<\/p>\n","protected":false},"excerpt":{"rendered":"<p>Este espumoso se elabora exclusivamente con uva de la variedad Glera, aut\u00f3ctona de la regi\u00f3n de Treviso, en el V\u00e9neto\u2026<\/p>\n","protected":false},"featured_media":9131,"template":"","meta":{"inline_featured_image":false,"_monsterinsights_skip_tracking":false,"_monsterinsights_sitenote_active":false,"_monsterinsights_sitenote_note":"","_monsterinsights_sitenote_category":0},"product_brand":[],"product_cat":[277,792],"product_tag":[],"class_list":{"0":"post-9130","1":"product","2":"type-product","3":"status-publish","4":"has-post-thumbnail","6":"product_cat-espumosos","7":"product_cat-novedades","8":"pa_bodega-bodega-follador","9":"pa_zona-vinicola-prosecco","11":"first","12":"instock","13":"taxable","14":"shipping-taxable","15":"purchasable","16":"product-type-simple"},"_links":{"self":[{"href":"https:\/\/www.mr-vin.com\/en\/wp-json\/wp\/v2\/product\/9130","targetHints":{"allow":["GET"]}}],"collection":[{"href":"https:\/\/www.mr-vin.com\/en\/wp-json\/wp\/v2\/product"}],"about":[{"href":"https:\/\/www.mr-vin.com\/en\/wp-json\/wp\/v2\/types\/product"}],"wp:featuredmedia":[{"embeddable":true,"href":"https:\/\/www.mr-vin.com\/en\/wp-json\/wp\/v2\/media\/9131"}],"wp:attachment":[{"href":"https:\/\/www.mr-vin.com\/en\/wp-json\/wp\/v2\/media?parent=9130"}],"wp:term":[{"taxonomy":"product_brand","embeddable":true,"href":"https:\/\/www.mr-vin.com\/en\/wp-json\/wp\/v2\/product_brand?post=9130"},{"taxonomy":"product_cat","embeddable":true,"href":"https:\/\/www.mr-vin.com\/en\/wp-json\/wp\/v2\/product_cat?post=9130"},{"taxonomy":"product_tag","embeddable":true,"href":"https:\/\/www.mr-vin.com\/en\/wp-json\/wp\/v2\/product_tag?post=9130"}],"curies":[{"name":"wp","href":"https:\/\/api.w.org\/{rel}","templated":true}]}}