{"id":9111,"date":"2024-04-17T11:10:27","date_gmt":"2024-04-17T09:10:27","guid":{"rendered":"https:\/\/www.mr-vin.com\/?post_type=product&#038;p=9111"},"modified":"2024-05-30T12:57:25","modified_gmt":"2024-05-30T10:57:25","slug":"louis-jadot-nuits-saint-georges","status":"publish","type":"product","link":"https:\/\/www.mr-vin.com\/en\/product\/louis-jadot-nuits-saint-georges\/","title":{"rendered":"Louis Jadot Nuits-Saint-Georges"},"content":{"rendered":"<p>100% Pinot noir<\/p>\n<p>Cl\u00e1sico y delicioso, este tinto borgo\u00f1\u00f3n muestra el\u00a0<strong>car\u00e1cter \u00fanico de la AOC Nuits-Saint-Georges<\/strong>. Seduce con los aromas frescos de fruta y las notas m\u00e1s terrosas, carnosas y sutilmente ahumadas. La\u00a0<strong>elegancia y complejidad de la Pinot noir\u00a0<\/strong>est\u00e1 presente en cada gota.<\/p>\n","protected":false},"excerpt":{"rendered":"<p>100% Pinot noir Cl\u00e1sico y delicioso, este tinto borgo\u00f1\u00f3n muestra el\u00a0car\u00e1cter \u00fanico de la AOC Nuits-Saint-Georges. Seduce con los aromas\u2026<\/p>\n","protected":false},"featured_media":9112,"template":"","meta":{"inline_featured_image":false,"_monsterinsights_skip_tracking":false,"_monsterinsights_sitenote_active":false,"_monsterinsights_sitenote_note":"","_monsterinsights_sitenote_category":0},"product_brand":[],"product_cat":[792,77],"product_tag":[],"class_list":{"0":"post-9111","1":"product","2":"type-product","3":"status-publish","4":"has-post-thumbnail","6":"product_cat-novedades","7":"product_cat-vinos-tintos","8":"pa_bodega-louis-jadot","9":"pa_zona-vinicola-nuits-saint-georges","11":"first","12":"instock","13":"taxable","14":"shipping-taxable","15":"purchasable","16":"product-type-simple"},"_links":{"self":[{"href":"https:\/\/www.mr-vin.com\/en\/wp-json\/wp\/v2\/product\/9111","targetHints":{"allow":["GET"]}}],"collection":[{"href":"https:\/\/www.mr-vin.com\/en\/wp-json\/wp\/v2\/product"}],"about":[{"href":"https:\/\/www.mr-vin.com\/en\/wp-json\/wp\/v2\/types\/product"}],"wp:featuredmedia":[{"embeddable":true,"href":"https:\/\/www.mr-vin.com\/en\/wp-json\/wp\/v2\/media\/9112"}],"wp:attachment":[{"href":"https:\/\/www.mr-vin.com\/en\/wp-json\/wp\/v2\/media?parent=9111"}],"wp:term":[{"taxonomy":"product_brand","embeddable":true,"href":"https:\/\/www.mr-vin.com\/en\/wp-json\/wp\/v2\/product_brand?post=9111"},{"taxonomy":"product_cat","embeddable":true,"href":"https:\/\/www.mr-vin.com\/en\/wp-json\/wp\/v2\/product_cat?post=9111"},{"taxonomy":"product_tag","embeddable":true,"href":"https:\/\/www.mr-vin.com\/en\/wp-json\/wp\/v2\/product_tag?post=9111"}],"curies":[{"name":"wp","href":"https:\/\/api.w.org\/{rel}","templated":true}]}}