{"id":9096,"date":"2024-04-15T12:48:40","date_gmt":"2024-04-15T10:48:40","guid":{"rendered":"https:\/\/www.mr-vin.com\/?post_type=product&#038;p=9096"},"modified":"2024-05-30T12:57:25","modified_gmt":"2024-05-30T10:57:25","slug":"9096","status":"publish","type":"product","link":"https:\/\/www.mr-vin.com\/en\/product\/9096\/","title":{"rendered":"Thierry Mortet Gevrey-Chambertin"},"content":{"rendered":"<p><strong>Variedad<\/strong> pinot noir.<\/p>\n<p>Un Premier Cru de Gevrey-Chambertin, un terroir que da alguno de los vinos tintos m\u00e1s concentrados de la C\u00f4te d&#8217;Or. Elaborado con uvas de 20 parcelas que suman 3 hect\u00e1reas en total. Est\u00e1n plantadas en suelos arcillo-calc\u00e1reos con cepas de entre 20 y 70 a\u00f1os.<\/p>\n","protected":false},"excerpt":{"rendered":"<p>Variedad pinot noir. Un Premier Cru de Gevrey-Chambertin, un terroir que da alguno de los vinos tintos m\u00e1s concentrados de\u2026<\/p>\n","protected":false},"featured_media":9097,"template":"","meta":{"inline_featured_image":false,"_monsterinsights_skip_tracking":false,"_monsterinsights_sitenote_active":false,"_monsterinsights_sitenote_note":"","_monsterinsights_sitenote_category":0},"product_brand":[],"product_cat":[792,77],"product_tag":[],"class_list":{"0":"post-9096","1":"product","2":"type-product","3":"status-publish","4":"has-post-thumbnail","6":"product_cat-novedades","7":"product_cat-vinos-tintos","8":"pa_bodega-thierry-mortet","9":"pa_zona-vinicola-borgona","11":"first","12":"instock","13":"taxable","14":"shipping-taxable","15":"purchasable","16":"product-type-simple"},"_links":{"self":[{"href":"https:\/\/www.mr-vin.com\/en\/wp-json\/wp\/v2\/product\/9096","targetHints":{"allow":["GET"]}}],"collection":[{"href":"https:\/\/www.mr-vin.com\/en\/wp-json\/wp\/v2\/product"}],"about":[{"href":"https:\/\/www.mr-vin.com\/en\/wp-json\/wp\/v2\/types\/product"}],"wp:featuredmedia":[{"embeddable":true,"href":"https:\/\/www.mr-vin.com\/en\/wp-json\/wp\/v2\/media\/9097"}],"wp:attachment":[{"href":"https:\/\/www.mr-vin.com\/en\/wp-json\/wp\/v2\/media?parent=9096"}],"wp:term":[{"taxonomy":"product_brand","embeddable":true,"href":"https:\/\/www.mr-vin.com\/en\/wp-json\/wp\/v2\/product_brand?post=9096"},{"taxonomy":"product_cat","embeddable":true,"href":"https:\/\/www.mr-vin.com\/en\/wp-json\/wp\/v2\/product_cat?post=9096"},{"taxonomy":"product_tag","embeddable":true,"href":"https:\/\/www.mr-vin.com\/en\/wp-json\/wp\/v2\/product_tag?post=9096"}],"curies":[{"name":"wp","href":"https:\/\/api.w.org\/{rel}","templated":true}]}}