{"id":9054,"date":"2024-03-19T14:31:28","date_gmt":"2024-03-19T12:31:28","guid":{"rendered":"https:\/\/www.mr-vin.com\/?post_type=product&#038;p=9054"},"modified":"2024-05-30T12:57:25","modified_gmt":"2024-05-30T10:57:25","slug":"domaine-coffinet-chassagne-montrachet-les-voillenots","status":"publish","type":"product","link":"https:\/\/www.mr-vin.com\/en\/product\/domaine-coffinet-chassagne-montrachet-les-voillenots\/","title":{"rendered":"Domaine Coffinet Chassagne Montrachet Les Voillenots"},"content":{"rendered":"<p>Uno de los pocos vinos tintos del municipio de Chassagne-Montrachet. Proveniente de un vi\u00f1edo situado en la zona m\u00e1s baja de la colina, muy pr\u00f3ximo al pueblo de Chassagne-Montrachet, con un suelo algo m\u00e1s arcilloso ideal para la <strong>uva tinta Pinot Noir<\/strong>. Una expresi\u00f3n estructurada, fresca y elegante de la variedad Pinot Noir, con aromas de frutas del bosque y frutas maduras.<\/p>\n","protected":false},"excerpt":{"rendered":"<p>Uno de los pocos vinos tintos del municipio de Chassagne-Montrachet. Proveniente de un vi\u00f1edo situado en la zona m\u00e1s baja\u2026<\/p>\n","protected":false},"featured_media":9055,"template":"","meta":{"inline_featured_image":false,"_monsterinsights_skip_tracking":false,"_monsterinsights_sitenote_active":false,"_monsterinsights_sitenote_note":"","_monsterinsights_sitenote_category":0},"product_brand":[],"product_cat":[792,77],"product_tag":[],"class_list":{"0":"post-9054","1":"product","2":"type-product","3":"status-publish","4":"has-post-thumbnail","6":"product_cat-novedades","7":"product_cat-vinos-tintos","8":"pa_bodega-domaine-coffinet-duvernay","9":"pa_zona-vinicola-borgona","11":"first","12":"instock","13":"taxable","14":"shipping-taxable","15":"purchasable","16":"product-type-simple"},"_links":{"self":[{"href":"https:\/\/www.mr-vin.com\/en\/wp-json\/wp\/v2\/product\/9054","targetHints":{"allow":["GET"]}}],"collection":[{"href":"https:\/\/www.mr-vin.com\/en\/wp-json\/wp\/v2\/product"}],"about":[{"href":"https:\/\/www.mr-vin.com\/en\/wp-json\/wp\/v2\/types\/product"}],"wp:featuredmedia":[{"embeddable":true,"href":"https:\/\/www.mr-vin.com\/en\/wp-json\/wp\/v2\/media\/9055"}],"wp:attachment":[{"href":"https:\/\/www.mr-vin.com\/en\/wp-json\/wp\/v2\/media?parent=9054"}],"wp:term":[{"taxonomy":"product_brand","embeddable":true,"href":"https:\/\/www.mr-vin.com\/en\/wp-json\/wp\/v2\/product_brand?post=9054"},{"taxonomy":"product_cat","embeddable":true,"href":"https:\/\/www.mr-vin.com\/en\/wp-json\/wp\/v2\/product_cat?post=9054"},{"taxonomy":"product_tag","embeddable":true,"href":"https:\/\/www.mr-vin.com\/en\/wp-json\/wp\/v2\/product_tag?post=9054"}],"curies":[{"name":"wp","href":"https:\/\/api.w.org\/{rel}","templated":true}]}}