{"id":9048,"date":"2024-03-19T13:51:08","date_gmt":"2024-03-19T11:51:08","guid":{"rendered":"https:\/\/www.mr-vin.com\/?post_type=product&#038;p=9048"},"modified":"2024-05-30T12:57:25","modified_gmt":"2024-05-30T10:57:25","slug":"michelini-i-mufatto-balsa-de-piedra-semillon","status":"publish","type":"product","link":"https:\/\/www.mr-vin.com\/en\/product\/michelini-i-mufatto-balsa-de-piedra-semillon\/","title":{"rendered":"Michelini i Mufatto Balsa de Piedra Semill\u00f3n"},"content":{"rendered":"<p><strong>Michelini i Mufatto Balsa de Piedra Semill\u00f3n 2020<\/strong>\u00a0es un vino blanco cremoso con aromas de fruta blanca, notas de flores amarillas machacadas y toques especiados. En boca es jugoso, untuoso y redondo. Un vino blanco de textura intrigante, con una acidez refrescante y una salinidad ingeniosa.<\/p>\n<p>Fruto de las mejores parcelas de la zona de Tupungato,\u00a0<strong>Michelini i Mufatto Balsa de Piedra Semill\u00f3n\u00a0<\/strong>es un vino blanco de vi\u00f1as con m\u00e1s de 100 a\u00f1os. Cepas viejas de\u00a0<strong>semill\u00f3n<\/strong>\u00a0plantadas en suelos franco arenosos y pedregosos y cultivadas de forma respetuosa. Una vez la uva alcanza su momento \u00f3ptimo de maduraci\u00f3n, se vendimia manualmente. En bodega las uvas fermentan con los hollejos de forma espont\u00e1nea con levaduras aut\u00f3ctonas. Despu\u00e9s el vino cr\u00eda en barricas de 500 litros durante 6 meses.<\/p>\n","protected":false},"excerpt":{"rendered":"<p>Michelini i Mufatto Balsa de Piedra Semill\u00f3n 2020\u00a0es un vino blanco cremoso con aromas de fruta blanca, notas de flores\u2026<\/p>\n","protected":false},"featured_media":9052,"template":"","meta":{"inline_featured_image":false,"_monsterinsights_skip_tracking":false,"_monsterinsights_sitenote_active":false,"_monsterinsights_sitenote_note":"","_monsterinsights_sitenote_category":0},"product_brand":[],"product_cat":[792,79],"product_tag":[],"class_list":{"0":"post-9048","1":"product","2":"type-product","3":"status-publish","4":"has-post-thumbnail","6":"product_cat-novedades","7":"product_cat-vinos-blancos","8":"pa_bodega-michelini-i-mufato","9":"pa_zona-vinicola-tupungato","11":"first","12":"instock","13":"taxable","14":"shipping-taxable","15":"purchasable","16":"product-type-simple"},"_links":{"self":[{"href":"https:\/\/www.mr-vin.com\/en\/wp-json\/wp\/v2\/product\/9048","targetHints":{"allow":["GET"]}}],"collection":[{"href":"https:\/\/www.mr-vin.com\/en\/wp-json\/wp\/v2\/product"}],"about":[{"href":"https:\/\/www.mr-vin.com\/en\/wp-json\/wp\/v2\/types\/product"}],"wp:featuredmedia":[{"embeddable":true,"href":"https:\/\/www.mr-vin.com\/en\/wp-json\/wp\/v2\/media\/9052"}],"wp:attachment":[{"href":"https:\/\/www.mr-vin.com\/en\/wp-json\/wp\/v2\/media?parent=9048"}],"wp:term":[{"taxonomy":"product_brand","embeddable":true,"href":"https:\/\/www.mr-vin.com\/en\/wp-json\/wp\/v2\/product_brand?post=9048"},{"taxonomy":"product_cat","embeddable":true,"href":"https:\/\/www.mr-vin.com\/en\/wp-json\/wp\/v2\/product_cat?post=9048"},{"taxonomy":"product_tag","embeddable":true,"href":"https:\/\/www.mr-vin.com\/en\/wp-json\/wp\/v2\/product_tag?post=9048"}],"curies":[{"name":"wp","href":"https:\/\/api.w.org\/{rel}","templated":true}]}}