{"id":9045,"date":"2024-03-19T11:16:56","date_gmt":"2024-03-19T09:16:56","guid":{"rendered":"https:\/\/www.mr-vin.com\/?post_type=product&#038;p=9045"},"modified":"2024-05-30T12:57:25","modified_gmt":"2024-05-30T10:57:25","slug":"villa-wolf-pinot-gris","status":"publish","type":"product","link":"https:\/\/www.mr-vin.com\/en\/product\/villa-wolf-pinot-gris\/","title":{"rendered":"Villa Wolf Pinot Gris"},"content":{"rendered":"<p><strong>Villa Wolf Pinot Grises es<\/strong>\u00a0un vino blanco monovarietal de\u00a0<strong>Pinot Gris, <\/strong>con cuerpo, fresco y crujiente.<\/p>\n<p><strong>Villa Wolf Pinot Gris<\/strong>\u00a0fermenta en tres tipos de dep\u00f3sitos: en tanques de acero inoxidable, grandes cubas de roble neutro y dep\u00f3sitos de cemento. El vino no realiza la fermentaci\u00f3n malol\u00e1ctiva para mantener la acidez y que el vino sea fresco y vivaz. Se le dejan un poco de az\u00facares residuales para darle un poco de dulzor y que se equilibren con la acidez. Finalmente se filtra suavemente y se realiza el coupage antes de embotellar.<\/p>\n","protected":false},"excerpt":{"rendered":"<p>Villa Wolf Pinot Grises es\u00a0un vino blanco monovarietal de\u00a0Pinot Gris, con cuerpo, fresco y crujiente. Villa Wolf Pinot Gris\u00a0fermenta en\u2026<\/p>\n","protected":false},"featured_media":9046,"template":"","meta":{"inline_featured_image":false,"_monsterinsights_skip_tracking":false,"_monsterinsights_sitenote_active":false,"_monsterinsights_sitenote_note":"","_monsterinsights_sitenote_category":0},"product_brand":[],"product_cat":[792,79],"product_tag":[],"class_list":{"0":"post-9045","1":"product","2":"type-product","3":"status-publish","4":"has-post-thumbnail","6":"product_cat-novedades","7":"product_cat-vinos-blancos","8":"pa_bodega-villa-wolf","9":"pa_zona-vinicola-d-o-p-pfalz","11":"first","12":"instock","13":"taxable","14":"shipping-taxable","15":"purchasable","16":"product-type-simple"},"_links":{"self":[{"href":"https:\/\/www.mr-vin.com\/en\/wp-json\/wp\/v2\/product\/9045","targetHints":{"allow":["GET"]}}],"collection":[{"href":"https:\/\/www.mr-vin.com\/en\/wp-json\/wp\/v2\/product"}],"about":[{"href":"https:\/\/www.mr-vin.com\/en\/wp-json\/wp\/v2\/types\/product"}],"wp:featuredmedia":[{"embeddable":true,"href":"https:\/\/www.mr-vin.com\/en\/wp-json\/wp\/v2\/media\/9046"}],"wp:attachment":[{"href":"https:\/\/www.mr-vin.com\/en\/wp-json\/wp\/v2\/media?parent=9045"}],"wp:term":[{"taxonomy":"product_brand","embeddable":true,"href":"https:\/\/www.mr-vin.com\/en\/wp-json\/wp\/v2\/product_brand?post=9045"},{"taxonomy":"product_cat","embeddable":true,"href":"https:\/\/www.mr-vin.com\/en\/wp-json\/wp\/v2\/product_cat?post=9045"},{"taxonomy":"product_tag","embeddable":true,"href":"https:\/\/www.mr-vin.com\/en\/wp-json\/wp\/v2\/product_tag?post=9045"}],"curies":[{"name":"wp","href":"https:\/\/api.w.org\/{rel}","templated":true}]}}