{"id":9041,"date":"2024-03-18T14:26:51","date_gmt":"2024-03-18T12:26:51","guid":{"rendered":"https:\/\/www.mr-vin.com\/?post_type=product&#038;p=9041"},"modified":"2024-05-30T12:57:24","modified_gmt":"2024-05-30T10:57:24","slug":"gramona-fa-calo-mustillant","status":"publish","type":"product","link":"https:\/\/www.mr-vin.com\/en\/product\/gramona-fa-calo-mustillant\/","title":{"rendered":"Gramona fa cal\u00f3 mustillant"},"content":{"rendered":"<p><strong>Variedad:<\/strong> 50% Xarel.lo Vermell, 30% Muscat y 20% Sauvignon Blanc<\/p>\n<p>Un vino de aguja blanco natural, afrutado de car\u00e1cter mediterr\u00e1neo, un vino que sabe y huele a verano, de burbuja muy fina e integrada, excelente para acompa\u00f1ar platos veraniegos, arroces, ensaladas y tapas.<\/p>\n<p>Procedente de uvas ecol\u00f3gicas que cuentan con el sello CCPAE del Consell Catal\u00e0 de la Producci\u00f3 Agraria y Ecol\u00f3gica, de los vi\u00f1edos m\u00e1s altos de la Denominaci\u00f3n.<\/p>\n","protected":false},"excerpt":{"rendered":"<p>Variedad: 50% Xarel.lo Vermell, 30% Muscat y 20% Sauvignon Blanc Un vino de aguja blanco natural, afrutado de car\u00e1cter mediterr\u00e1neo,\u2026<\/p>\n","protected":false},"featured_media":9042,"template":"","meta":{"inline_featured_image":false,"_monsterinsights_skip_tracking":false,"_monsterinsights_sitenote_active":false,"_monsterinsights_sitenote_note":"","_monsterinsights_sitenote_category":0},"product_brand":[],"product_cat":[792,79],"product_tag":[],"class_list":{"0":"post-9041","1":"product","2":"type-product","3":"status-publish","4":"has-post-thumbnail","6":"product_cat-novedades","7":"product_cat-vinos-blancos","8":"pa_bodega-gramona","9":"pa_zona-vinicola-d-o-penedes","11":"first","12":"outofstock","13":"taxable","14":"shipping-taxable","15":"purchasable","16":"product-type-simple"},"_links":{"self":[{"href":"https:\/\/www.mr-vin.com\/en\/wp-json\/wp\/v2\/product\/9041","targetHints":{"allow":["GET"]}}],"collection":[{"href":"https:\/\/www.mr-vin.com\/en\/wp-json\/wp\/v2\/product"}],"about":[{"href":"https:\/\/www.mr-vin.com\/en\/wp-json\/wp\/v2\/types\/product"}],"wp:featuredmedia":[{"embeddable":true,"href":"https:\/\/www.mr-vin.com\/en\/wp-json\/wp\/v2\/media\/9042"}],"wp:attachment":[{"href":"https:\/\/www.mr-vin.com\/en\/wp-json\/wp\/v2\/media?parent=9041"}],"wp:term":[{"taxonomy":"product_brand","embeddable":true,"href":"https:\/\/www.mr-vin.com\/en\/wp-json\/wp\/v2\/product_brand?post=9041"},{"taxonomy":"product_cat","embeddable":true,"href":"https:\/\/www.mr-vin.com\/en\/wp-json\/wp\/v2\/product_cat?post=9041"},{"taxonomy":"product_tag","embeddable":true,"href":"https:\/\/www.mr-vin.com\/en\/wp-json\/wp\/v2\/product_tag?post=9041"}],"curies":[{"name":"wp","href":"https:\/\/api.w.org\/{rel}","templated":true}]}}