{"id":9030,"date":"2024-03-15T12:06:00","date_gmt":"2024-03-15T10:06:00","guid":{"rendered":"https:\/\/www.mr-vin.com\/?post_type=product&#038;p=9030"},"modified":"2024-08-06T10:29:45","modified_gmt":"2024-08-06T08:29:45","slug":"gramona-ca-la-mar-mustillant-rosat","status":"publish","type":"product","link":"https:\/\/www.mr-vin.com\/en\/product\/gramona-ca-la-mar-mustillant-rosat\/","title":{"rendered":"Gramona Ca La Mar Mustillant Rosat"},"content":{"rendered":"<p><strong>Variedad:<\/strong> 67% Syrah y 33% Merlot<\/p>\n<p>Ca La Mar\u00a0es el nombre con el que se presenta la nueva imagen de los Mustillanes, vinos de aguja natural, de agricultura ecol\u00f3gica y sostenible. Unos vinos de inspiraci\u00f3n mediterr\u00e1nea y muy refrescantes gracias a una aguja delicada perfectamente integrada.<\/p>\n<p><em><strong>Maridaje:<\/strong> Ideal como aperitivo, ensaladas y un acompa\u00f1ante perfecto para mariscos, pescados, arroces y todo tipo de pastas.<\/em><\/p>\n","protected":false},"excerpt":{"rendered":"<p>Variedad: 67% Syrah y 33% Merlot Ca La Mar\u00a0es el nombre con el que se presenta la nueva imagen de\u2026<\/p>\n","protected":false},"featured_media":9031,"template":"","meta":{"inline_featured_image":false,"_monsterinsights_skip_tracking":false,"_monsterinsights_sitenote_active":false,"_monsterinsights_sitenote_note":"","_monsterinsights_sitenote_category":0},"product_brand":[],"product_cat":[792,80],"product_tag":[],"class_list":{"0":"post-9030","1":"product","2":"type-product","3":"status-publish","4":"has-post-thumbnail","6":"product_cat-novedades","7":"product_cat-vinos-rosados","8":"pa_bodega-gramona","9":"pa_zona-vinicola-d-o-penedes","11":"first","12":"instock","13":"taxable","14":"shipping-taxable","15":"purchasable","16":"product-type-simple"},"_links":{"self":[{"href":"https:\/\/www.mr-vin.com\/en\/wp-json\/wp\/v2\/product\/9030","targetHints":{"allow":["GET"]}}],"collection":[{"href":"https:\/\/www.mr-vin.com\/en\/wp-json\/wp\/v2\/product"}],"about":[{"href":"https:\/\/www.mr-vin.com\/en\/wp-json\/wp\/v2\/types\/product"}],"wp:featuredmedia":[{"embeddable":true,"href":"https:\/\/www.mr-vin.com\/en\/wp-json\/wp\/v2\/media\/9031"}],"wp:attachment":[{"href":"https:\/\/www.mr-vin.com\/en\/wp-json\/wp\/v2\/media?parent=9030"}],"wp:term":[{"taxonomy":"product_brand","embeddable":true,"href":"https:\/\/www.mr-vin.com\/en\/wp-json\/wp\/v2\/product_brand?post=9030"},{"taxonomy":"product_cat","embeddable":true,"href":"https:\/\/www.mr-vin.com\/en\/wp-json\/wp\/v2\/product_cat?post=9030"},{"taxonomy":"product_tag","embeddable":true,"href":"https:\/\/www.mr-vin.com\/en\/wp-json\/wp\/v2\/product_tag?post=9030"}],"curies":[{"name":"wp","href":"https:\/\/api.w.org\/{rel}","templated":true}]}}