{"id":9022,"date":"2024-03-13T14:35:57","date_gmt":"2024-03-13T12:35:57","guid":{"rendered":"https:\/\/www.mr-vin.com\/?post_type=product&#038;p=9022"},"modified":"2026-04-07T11:30:58","modified_gmt":"2026-04-07T09:30:58","slug":"beronia-rose","status":"publish","type":"product","link":"https:\/\/www.mr-vin.com\/en\/product\/beronia-rose\/","title":{"rendered":"Beronia Ros\u00e9"},"content":{"rendered":"<p>La uvas de<strong> garnacha y tempranillo<\/strong> aportan a\u00a0<strong>Beronia Ros\u00e9 2022<\/strong>\u00a0toda su personalidad, potencial arom\u00e1tico, expresi\u00f3n frutal, frescura y sensaciones aterciopeladas haciendo de \u00e9l un vino para el disfrute.<\/p>\n<p>De un elegante color rosa p\u00e1lido con reflejos n\u00e1car.<br \/>\nOlfativamente predominan los aromas a fruta roja (cereza) acompa\u00f1ados de ligeros recuerdos a p\u00e9talos de rosa.<br \/>\nEn boca es goloso y fresco, muy equilibrado y redondo.<\/p>\n","protected":false},"excerpt":{"rendered":"<p>La uvas de garnacha y tempranillo aportan a\u00a0Beronia Ros\u00e9 2022\u00a0toda su personalidad, potencial arom\u00e1tico, expresi\u00f3n frutal, frescura y sensaciones aterciopeladas\u2026<\/p>\n","protected":false},"featured_media":9023,"template":"","meta":{"inline_featured_image":false,"_monsterinsights_skip_tracking":false,"_monsterinsights_sitenote_active":false,"_monsterinsights_sitenote_note":"","_monsterinsights_sitenote_category":0},"product_brand":[],"product_cat":[792,80],"product_tag":[],"class_list":{"0":"post-9022","1":"product","2":"type-product","3":"status-publish","4":"has-post-thumbnail","6":"product_cat-novedades","7":"product_cat-vinos-rosados","8":"pa_bodega-beronia","9":"pa_zona-vinicola-d-o-c-rioja","11":"first","12":"instock","13":"taxable","14":"shipping-taxable","15":"purchasable","16":"product-type-simple"},"_links":{"self":[{"href":"https:\/\/www.mr-vin.com\/en\/wp-json\/wp\/v2\/product\/9022","targetHints":{"allow":["GET"]}}],"collection":[{"href":"https:\/\/www.mr-vin.com\/en\/wp-json\/wp\/v2\/product"}],"about":[{"href":"https:\/\/www.mr-vin.com\/en\/wp-json\/wp\/v2\/types\/product"}],"wp:featuredmedia":[{"embeddable":true,"href":"https:\/\/www.mr-vin.com\/en\/wp-json\/wp\/v2\/media\/9023"}],"wp:attachment":[{"href":"https:\/\/www.mr-vin.com\/en\/wp-json\/wp\/v2\/media?parent=9022"}],"wp:term":[{"taxonomy":"product_brand","embeddable":true,"href":"https:\/\/www.mr-vin.com\/en\/wp-json\/wp\/v2\/product_brand?post=9022"},{"taxonomy":"product_cat","embeddable":true,"href":"https:\/\/www.mr-vin.com\/en\/wp-json\/wp\/v2\/product_cat?post=9022"},{"taxonomy":"product_tag","embeddable":true,"href":"https:\/\/www.mr-vin.com\/en\/wp-json\/wp\/v2\/product_tag?post=9022"}],"curies":[{"name":"wp","href":"https:\/\/api.w.org\/{rel}","templated":true}]}}