{"id":9018,"date":"2024-03-13T14:09:38","date_gmt":"2024-03-13T12:09:38","guid":{"rendered":"https:\/\/www.mr-vin.com\/?post_type=product&#038;p=9018"},"modified":"2024-05-30T12:57:24","modified_gmt":"2024-05-30T10:57:24","slug":"beronia-edicion-limitada","status":"publish","type":"product","link":"https:\/\/www.mr-vin.com\/en\/product\/beronia-edicion-limitada\/","title":{"rendered":"Beronia Edici\u00f3n Limitada"},"content":{"rendered":"<p>Beronia Edici\u00f3n Limitada, elaborado a partir de una selecci\u00f3n de los mejores racimos de<strong> uva Tempranillo<\/strong> del vi\u00f1edo. Este Rioja edici\u00f3n limitada tiene una maduraci\u00f3n de 12 meses en barricas mixtas de roble americano y franc\u00e9s consiguiendo una evoluci\u00f3n pausada y arm\u00f3nica.<\/p>\n","protected":false},"excerpt":{"rendered":"<p>Beronia Edici\u00f3n Limitada, elaborado a partir de una selecci\u00f3n de los mejores racimos de uva Tempranillo del vi\u00f1edo. Este Rioja\u2026<\/p>\n","protected":false},"featured_media":9020,"template":"","meta":{"inline_featured_image":false,"_monsterinsights_skip_tracking":false,"_monsterinsights_sitenote_active":false,"_monsterinsights_sitenote_note":"","_monsterinsights_sitenote_category":0},"product_brand":[],"product_cat":[792,77],"product_tag":[],"class_list":{"0":"post-9018","1":"product","2":"type-product","3":"status-publish","4":"has-post-thumbnail","6":"product_cat-novedades","7":"product_cat-vinos-tintos","8":"pa_bodega-beronia","9":"pa_zona-vinicola-d-o-c-rioja","11":"first","12":"instock","13":"taxable","14":"shipping-taxable","15":"purchasable","16":"product-type-simple"},"_links":{"self":[{"href":"https:\/\/www.mr-vin.com\/en\/wp-json\/wp\/v2\/product\/9018","targetHints":{"allow":["GET"]}}],"collection":[{"href":"https:\/\/www.mr-vin.com\/en\/wp-json\/wp\/v2\/product"}],"about":[{"href":"https:\/\/www.mr-vin.com\/en\/wp-json\/wp\/v2\/types\/product"}],"wp:featuredmedia":[{"embeddable":true,"href":"https:\/\/www.mr-vin.com\/en\/wp-json\/wp\/v2\/media\/9020"}],"wp:attachment":[{"href":"https:\/\/www.mr-vin.com\/en\/wp-json\/wp\/v2\/media?parent=9018"}],"wp:term":[{"taxonomy":"product_brand","embeddable":true,"href":"https:\/\/www.mr-vin.com\/en\/wp-json\/wp\/v2\/product_brand?post=9018"},{"taxonomy":"product_cat","embeddable":true,"href":"https:\/\/www.mr-vin.com\/en\/wp-json\/wp\/v2\/product_cat?post=9018"},{"taxonomy":"product_tag","embeddable":true,"href":"https:\/\/www.mr-vin.com\/en\/wp-json\/wp\/v2\/product_tag?post=9018"}],"curies":[{"name":"wp","href":"https:\/\/api.w.org\/{rel}","templated":true}]}}