{"id":9015,"date":"2024-03-13T13:47:59","date_gmt":"2024-03-13T11:47:59","guid":{"rendered":"https:\/\/www.mr-vin.com\/?post_type=product&#038;p=9015"},"modified":"2025-05-01T09:18:05","modified_gmt":"2025-05-01T07:18:05","slug":"beronia-crianza","status":"publish","type":"product","link":"https:\/\/www.mr-vin.com\/en\/product\/beronia-crianza\/","title":{"rendered":"Beronia Crianza"},"content":{"rendered":"<p>El Beronia Crianza es un tinto riojano elaborado principalmente a partir de la <strong>variedad tempranillo<\/strong>, a la que acompa\u00f1an la garnacha tinta y, testimonialmente, la mazuelo. El mosto de las mejores uvas fermenta lenta y cuidadosamente, con remontados peri\u00f3dicos, para extraer el color y aromas deseados pasando despu\u00e9s realizar la malol\u00e1ctica en dep\u00f3sitos. Tras un descanso de un a\u00f1o, el vino pasa a barricas mixtas, con duelas de roble americano y fondos de roble franc\u00e9s que ayudan al Beronia a adquirir sus distintivos aromas de crianza. Envuelto en madera descansar\u00e1 durante otro a\u00f1o, antes de ser embotellado y descansar durante un m\u00ednimo de tres meses en botella para adquirir su inconfundible bouquet antes de ser lanzado al mercado.<\/p>\n","protected":false},"excerpt":{"rendered":"<p>El Beronia Crianza es un tinto riojano elaborado principalmente a partir de la variedad tempranillo, a la que acompa\u00f1an la\u2026<\/p>\n","protected":false},"featured_media":9016,"template":"","meta":{"inline_featured_image":false,"_monsterinsights_skip_tracking":false,"_monsterinsights_sitenote_active":false,"_monsterinsights_sitenote_note":"","_monsterinsights_sitenote_category":0},"product_brand":[],"product_cat":[792,77],"product_tag":[],"class_list":{"0":"post-9015","1":"product","2":"type-product","3":"status-publish","4":"has-post-thumbnail","6":"product_cat-novedades","7":"product_cat-vinos-tintos","8":"pa_bodega-beronia","9":"pa_zona-vinicola-d-o-c-rioja","11":"first","12":"instock","13":"taxable","14":"shipping-taxable","15":"purchasable","16":"product-type-simple"},"_links":{"self":[{"href":"https:\/\/www.mr-vin.com\/en\/wp-json\/wp\/v2\/product\/9015","targetHints":{"allow":["GET"]}}],"collection":[{"href":"https:\/\/www.mr-vin.com\/en\/wp-json\/wp\/v2\/product"}],"about":[{"href":"https:\/\/www.mr-vin.com\/en\/wp-json\/wp\/v2\/types\/product"}],"wp:featuredmedia":[{"embeddable":true,"href":"https:\/\/www.mr-vin.com\/en\/wp-json\/wp\/v2\/media\/9016"}],"wp:attachment":[{"href":"https:\/\/www.mr-vin.com\/en\/wp-json\/wp\/v2\/media?parent=9015"}],"wp:term":[{"taxonomy":"product_brand","embeddable":true,"href":"https:\/\/www.mr-vin.com\/en\/wp-json\/wp\/v2\/product_brand?post=9015"},{"taxonomy":"product_cat","embeddable":true,"href":"https:\/\/www.mr-vin.com\/en\/wp-json\/wp\/v2\/product_cat?post=9015"},{"taxonomy":"product_tag","embeddable":true,"href":"https:\/\/www.mr-vin.com\/en\/wp-json\/wp\/v2\/product_tag?post=9015"}],"curies":[{"name":"wp","href":"https:\/\/api.w.org\/{rel}","templated":true}]}}