{"id":8998,"date":"2024-03-13T11:34:45","date_gmt":"2024-03-13T09:34:45","guid":{"rendered":"https:\/\/www.mr-vin.com\/?post_type=product&#038;p=8998"},"modified":"2026-02-04T12:36:39","modified_gmt":"2026-02-04T10:36:39","slug":"lusco-pazo-pineiro","status":"publish","type":"product","link":"https:\/\/www.mr-vin.com\/en\/product\/lusco-pazo-pineiro\/","title":{"rendered":"Lusco pazo pi\u00f1eiro"},"content":{"rendered":"<p>100% Albari\u00f1o<\/p>\n<p>Elaborado con las<strong> uvas de los mejores vi\u00f1edos de la bodega y con un per\u00edodo de crianza sobre l\u00edas<\/strong>, este albari\u00f1o no deja indiferente a nadie. A\u00fana la frescura, el delicioso abanico arom\u00e1tico, la complejidad y la intensidad que se le puede pedir a la uva blanca m\u00e1s aclamada de Galicia.<\/p>\n<p><em><strong>Maridaje:<\/strong> Ideal con mariscos y pescados, especialmente con una merluza o un buen rodaballo. Un gran aliado de las carnes blancas, las aves y los arroces.<\/em><\/p>\n","protected":false},"excerpt":{"rendered":"<p>100% Albari\u00f1o Elaborado con las uvas de los mejores vi\u00f1edos de la bodega y con un per\u00edodo de crianza sobre\u2026<\/p>\n","protected":false},"featured_media":9011,"template":"","meta":{"inline_featured_image":false,"_monsterinsights_skip_tracking":false,"_monsterinsights_sitenote_active":false,"_monsterinsights_sitenote_note":"","_monsterinsights_sitenote_category":0},"product_brand":[],"product_cat":[792,988,79],"product_tag":[],"class_list":{"0":"post-8998","1":"product","2":"type-product","3":"status-publish","4":"has-post-thumbnail","6":"product_cat-novedades","7":"product_cat-san-valentin-2026","8":"product_cat-vinos-blancos","9":"pa_bodega-pazos-de-lusco","10":"pa_zona-vinicola-d-o-rias-baixas","12":"first","13":"instock","14":"taxable","15":"shipping-taxable","16":"purchasable","17":"product-type-simple"},"_links":{"self":[{"href":"https:\/\/www.mr-vin.com\/en\/wp-json\/wp\/v2\/product\/8998","targetHints":{"allow":["GET"]}}],"collection":[{"href":"https:\/\/www.mr-vin.com\/en\/wp-json\/wp\/v2\/product"}],"about":[{"href":"https:\/\/www.mr-vin.com\/en\/wp-json\/wp\/v2\/types\/product"}],"wp:featuredmedia":[{"embeddable":true,"href":"https:\/\/www.mr-vin.com\/en\/wp-json\/wp\/v2\/media\/9011"}],"wp:attachment":[{"href":"https:\/\/www.mr-vin.com\/en\/wp-json\/wp\/v2\/media?parent=8998"}],"wp:term":[{"taxonomy":"product_brand","embeddable":true,"href":"https:\/\/www.mr-vin.com\/en\/wp-json\/wp\/v2\/product_brand?post=8998"},{"taxonomy":"product_cat","embeddable":true,"href":"https:\/\/www.mr-vin.com\/en\/wp-json\/wp\/v2\/product_cat?post=8998"},{"taxonomy":"product_tag","embeddable":true,"href":"https:\/\/www.mr-vin.com\/en\/wp-json\/wp\/v2\/product_tag?post=8998"}],"curies":[{"name":"wp","href":"https:\/\/api.w.org\/{rel}","templated":true}]}}