{"id":8997,"date":"2024-03-12T17:59:39","date_gmt":"2024-03-12T15:59:39","guid":{"rendered":"https:\/\/www.mr-vin.com\/?post_type=product&#038;p=8997"},"modified":"2025-04-21T15:24:36","modified_gmt":"2025-04-21T13:24:36","slug":"lusco-albarino","status":"publish","type":"product","link":"https:\/\/www.mr-vin.com\/en\/product\/lusco-albarino\/","title":{"rendered":"Lusco albari\u00f1o"},"content":{"rendered":"<p>100% Albari\u00f1o.<\/p>\n<p>Elaborado a partir de vi\u00f1as situadas en el privilegiado terroir de Condado do Tea, este albari\u00f1o enamora por su perfil fresco y a la vez intenso, con sus notas c\u00edtricas, con su sutil mineralidad y con su agradable posgusto. Muy gastron\u00f3mico.<\/p>\n<p><em><strong>Maridaje:<\/strong> Perfecto para acompa\u00f1ar mariscos y pescados, como una merluza o un rodaballo.<\/em><\/p>\n","protected":false},"excerpt":{"rendered":"<p>100% Albari\u00f1o. Elaborado a partir de vi\u00f1as situadas en el privilegiado terroir de Condado do Tea, este albari\u00f1o enamora por\u2026<\/p>\n","protected":false},"featured_media":9009,"template":"","meta":{"inline_featured_image":false,"_monsterinsights_skip_tracking":false,"_monsterinsights_sitenote_active":false,"_monsterinsights_sitenote_note":"","_monsterinsights_sitenote_category":0},"product_brand":[],"product_cat":[792,79],"product_tag":[],"class_list":{"0":"post-8997","1":"product","2":"type-product","3":"status-publish","4":"has-post-thumbnail","6":"product_cat-novedades","7":"product_cat-vinos-blancos","8":"pa_bodega-pazos-de-lusco","9":"pa_zona-vinicola-d-o-rias-baixas","11":"first","12":"instock","13":"taxable","14":"shipping-taxable","15":"purchasable","16":"product-type-simple"},"_links":{"self":[{"href":"https:\/\/www.mr-vin.com\/en\/wp-json\/wp\/v2\/product\/8997","targetHints":{"allow":["GET"]}}],"collection":[{"href":"https:\/\/www.mr-vin.com\/en\/wp-json\/wp\/v2\/product"}],"about":[{"href":"https:\/\/www.mr-vin.com\/en\/wp-json\/wp\/v2\/types\/product"}],"wp:featuredmedia":[{"embeddable":true,"href":"https:\/\/www.mr-vin.com\/en\/wp-json\/wp\/v2\/media\/9009"}],"wp:attachment":[{"href":"https:\/\/www.mr-vin.com\/en\/wp-json\/wp\/v2\/media?parent=8997"}],"wp:term":[{"taxonomy":"product_brand","embeddable":true,"href":"https:\/\/www.mr-vin.com\/en\/wp-json\/wp\/v2\/product_brand?post=8997"},{"taxonomy":"product_cat","embeddable":true,"href":"https:\/\/www.mr-vin.com\/en\/wp-json\/wp\/v2\/product_cat?post=8997"},{"taxonomy":"product_tag","embeddable":true,"href":"https:\/\/www.mr-vin.com\/en\/wp-json\/wp\/v2\/product_tag?post=8997"}],"curies":[{"name":"wp","href":"https:\/\/api.w.org\/{rel}","templated":true}]}}