{"id":8996,"date":"2024-03-11T13:40:41","date_gmt":"2024-03-11T11:40:41","guid":{"rendered":"https:\/\/www.mr-vin.com\/?post_type=product&#038;p=8996"},"modified":"2025-01-10T12:18:08","modified_gmt":"2025-01-10T10:18:08","slug":"comte-de-subirats-brut-nature","status":"publish","type":"product","link":"https:\/\/www.mr-vin.com\/en\/product\/comte-de-subirats-brut-nature\/","title":{"rendered":"Comte de subirats brut nature"},"content":{"rendered":"<p>Cava Brut Nature elaborado con uvas de las<strong> variedades Macabeu, Xarel\u00b7lo y Parellada<\/strong>, por la bodega Vilarnau situada en la regi\u00f3n del Pened\u00e8s, en Sant Sadurn\u00ed d&#8217;Anoia (Barcelona<\/p>\n","protected":false},"excerpt":{"rendered":"<p>Cava Brut Nature elaborado con uvas de las variedades Macabeu, Xarel\u00b7lo y Parellada, por la bodega Vilarnau situada en la\u2026<\/p>\n","protected":false},"featured_media":9004,"template":"","meta":{"inline_featured_image":false,"_monsterinsights_skip_tracking":false,"_monsterinsights_sitenote_active":false,"_monsterinsights_sitenote_note":"","_monsterinsights_sitenote_category":0},"product_brand":[],"product_cat":[277,792],"product_tag":[],"class_list":{"0":"post-8996","1":"product","2":"type-product","3":"status-publish","4":"has-post-thumbnail","6":"product_cat-espumosos","7":"product_cat-novedades","8":"pa_bodega-vilarnau","9":"pa_zona-vinicola-d-o-cava","11":"first","12":"instock","13":"taxable","14":"shipping-taxable","15":"purchasable","16":"product-type-simple"},"_links":{"self":[{"href":"https:\/\/www.mr-vin.com\/en\/wp-json\/wp\/v2\/product\/8996","targetHints":{"allow":["GET"]}}],"collection":[{"href":"https:\/\/www.mr-vin.com\/en\/wp-json\/wp\/v2\/product"}],"about":[{"href":"https:\/\/www.mr-vin.com\/en\/wp-json\/wp\/v2\/types\/product"}],"wp:featuredmedia":[{"embeddable":true,"href":"https:\/\/www.mr-vin.com\/en\/wp-json\/wp\/v2\/media\/9004"}],"wp:attachment":[{"href":"https:\/\/www.mr-vin.com\/en\/wp-json\/wp\/v2\/media?parent=8996"}],"wp:term":[{"taxonomy":"product_brand","embeddable":true,"href":"https:\/\/www.mr-vin.com\/en\/wp-json\/wp\/v2\/product_brand?post=8996"},{"taxonomy":"product_cat","embeddable":true,"href":"https:\/\/www.mr-vin.com\/en\/wp-json\/wp\/v2\/product_cat?post=8996"},{"taxonomy":"product_tag","embeddable":true,"href":"https:\/\/www.mr-vin.com\/en\/wp-json\/wp\/v2\/product_tag?post=8996"}],"curies":[{"name":"wp","href":"https:\/\/api.w.org\/{rel}","templated":true}]}}