{"id":8995,"date":"2024-03-11T12:13:12","date_gmt":"2024-03-11T10:13:12","guid":{"rendered":"https:\/\/www.mr-vin.com\/?post_type=product&#038;p=8995"},"modified":"2026-04-01T13:37:37","modified_gmt":"2026-04-01T11:37:37","slug":"beronia-verdejo","status":"publish","type":"product","link":"https:\/\/www.mr-vin.com\/en\/product\/beronia-verdejo\/","title":{"rendered":"Beronia verdejo"},"content":{"rendered":"<p><strong>Beronia Verdejo<\/strong> 2023 es un vino blanco que despierta los sentidos con su frescura y viveza. Al olfato, despliega un abanico de aromas intensos, desde el chispeante lim\u00f3n hasta la dulzura de la manzana y el melocot\u00f3n. Se entremezclan tambi\u00e9n matices de hierbas frescas, como el hinojo, que le confieren una singularidad refrescante. En boca, se presenta suave, con una textura untuosa y una elegancia que seduce, culminando en un suave amargor que es distintivo del verdejo. Beronia Verdejo 2023 es una elecci\u00f3n excelente para quien busca disfrutar de un vino ligero y arom\u00e1tico.<\/p>\n","protected":false},"excerpt":{"rendered":"<p>Beronia Verdejo 2023 es un vino blanco que despierta los sentidos con su frescura y viveza. Al olfato, despliega un\u2026<\/p>\n","protected":false},"featured_media":9006,"template":"","meta":{"inline_featured_image":false,"_monsterinsights_skip_tracking":false,"_monsterinsights_sitenote_active":false,"_monsterinsights_sitenote_note":"","_monsterinsights_sitenote_category":0},"product_brand":[],"product_cat":[792,79],"product_tag":[],"class_list":{"0":"post-8995","1":"product","2":"type-product","3":"status-publish","4":"has-post-thumbnail","6":"product_cat-novedades","7":"product_cat-vinos-blancos","8":"pa_bodega-beronia","9":"pa_zona-vinicola-d-o-rueda","11":"first","12":"instock","13":"taxable","14":"shipping-taxable","15":"purchasable","16":"product-type-simple"},"_links":{"self":[{"href":"https:\/\/www.mr-vin.com\/en\/wp-json\/wp\/v2\/product\/8995","targetHints":{"allow":["GET"]}}],"collection":[{"href":"https:\/\/www.mr-vin.com\/en\/wp-json\/wp\/v2\/product"}],"about":[{"href":"https:\/\/www.mr-vin.com\/en\/wp-json\/wp\/v2\/types\/product"}],"wp:featuredmedia":[{"embeddable":true,"href":"https:\/\/www.mr-vin.com\/en\/wp-json\/wp\/v2\/media\/9006"}],"wp:attachment":[{"href":"https:\/\/www.mr-vin.com\/en\/wp-json\/wp\/v2\/media?parent=8995"}],"wp:term":[{"taxonomy":"product_brand","embeddable":true,"href":"https:\/\/www.mr-vin.com\/en\/wp-json\/wp\/v2\/product_brand?post=8995"},{"taxonomy":"product_cat","embeddable":true,"href":"https:\/\/www.mr-vin.com\/en\/wp-json\/wp\/v2\/product_cat?post=8995"},{"taxonomy":"product_tag","embeddable":true,"href":"https:\/\/www.mr-vin.com\/en\/wp-json\/wp\/v2\/product_tag?post=8995"}],"curies":[{"name":"wp","href":"https:\/\/api.w.org\/{rel}","templated":true}]}}