{"id":8991,"date":"2024-02-23T14:28:06","date_gmt":"2024-02-23T12:28:06","guid":{"rendered":"https:\/\/www.mr-vin.com\/?post_type=product&#038;p=8991"},"modified":"2024-05-30T12:57:24","modified_gmt":"2024-05-30T10:57:24","slug":"dominio-fournier-reserva","status":"publish","type":"product","link":"https:\/\/www.mr-vin.com\/en\/product\/dominio-fournier-reserva\/","title":{"rendered":"Dominio Fournier Reserva"},"content":{"rendered":"<p>Estamos ante un<strong>\u00a0cl\u00e1sico Reserva de la Ribera del Duero<\/strong>, elaborado con la mejor selecci\u00f3n de Tinta del pa\u00eds procedente de los mimados vi\u00f1edos de\u00a0<strong>Dominio Fournier<\/strong>. Gracias a su crianza de unos 15\u00a0meses en barrica de roble franc\u00e9s, este es un<strong>\u00a0tinto\u00a0complejo, intenso y persistente<\/strong>.<\/p>\n<div class=\"field__label\"><em><strong>Maridaje:<\/strong> Carnes asadas y quesos fuertes.<\/em><\/div>\n","protected":false},"excerpt":{"rendered":"<p>Estamos ante un\u00a0cl\u00e1sico Reserva de la Ribera del Duero, elaborado con la mejor selecci\u00f3n de Tinta del pa\u00eds procedente de\u2026<\/p>\n","protected":false},"featured_media":8992,"template":"","meta":{"inline_featured_image":false,"_monsterinsights_skip_tracking":false,"_monsterinsights_sitenote_active":false,"_monsterinsights_sitenote_note":"","_monsterinsights_sitenote_category":0},"product_brand":[],"product_cat":[792,77],"product_tag":[],"class_list":{"0":"post-8991","1":"product","2":"type-product","3":"status-publish","4":"has-post-thumbnail","6":"product_cat-novedades","7":"product_cat-vinos-tintos","8":"pa_bodega-gonzalez-byass","9":"pa_zona-vinicola-d-o-ribera-del-duero","11":"first","12":"instock","13":"taxable","14":"shipping-taxable","15":"purchasable","16":"product-type-simple"},"_links":{"self":[{"href":"https:\/\/www.mr-vin.com\/en\/wp-json\/wp\/v2\/product\/8991","targetHints":{"allow":["GET"]}}],"collection":[{"href":"https:\/\/www.mr-vin.com\/en\/wp-json\/wp\/v2\/product"}],"about":[{"href":"https:\/\/www.mr-vin.com\/en\/wp-json\/wp\/v2\/types\/product"}],"wp:featuredmedia":[{"embeddable":true,"href":"https:\/\/www.mr-vin.com\/en\/wp-json\/wp\/v2\/media\/8992"}],"wp:attachment":[{"href":"https:\/\/www.mr-vin.com\/en\/wp-json\/wp\/v2\/media?parent=8991"}],"wp:term":[{"taxonomy":"product_brand","embeddable":true,"href":"https:\/\/www.mr-vin.com\/en\/wp-json\/wp\/v2\/product_brand?post=8991"},{"taxonomy":"product_cat","embeddable":true,"href":"https:\/\/www.mr-vin.com\/en\/wp-json\/wp\/v2\/product_cat?post=8991"},{"taxonomy":"product_tag","embeddable":true,"href":"https:\/\/www.mr-vin.com\/en\/wp-json\/wp\/v2\/product_tag?post=8991"}],"curies":[{"name":"wp","href":"https:\/\/api.w.org\/{rel}","templated":true}]}}