{"id":8978,"date":"2024-02-22T13:52:50","date_gmt":"2024-02-22T11:52:50","guid":{"rendered":"https:\/\/www.mr-vin.com\/?post_type=product&#038;p=8978"},"modified":"2026-01-22T00:46:43","modified_gmt":"2026-01-21T22:46:43","slug":"vinas-del-vero-gewurztraminer","status":"publish","type":"product","link":"https:\/\/www.mr-vin.com\/en\/product\/vinas-del-vero-gewurztraminer\/","title":{"rendered":"Vi\u00f1as Del Vero Gew\u00fcrztraminer"},"content":{"rendered":"<p><strong>Vi\u00f1as del Vero Gew\u00fcrztraminer 2023<\/strong>\u00a0despliega un bouquet encantador, donde se entrelazan notas de lichi, mango y flores blancas, creando una sinfon\u00eda de aromas dulces y frescos. En boca, es suave y ligero, con un toque de dulzura que recuerda a la fruta madura y un final que persiste delicadamente. Este vino blanco joven es una elecci\u00f3n perfecta para quien busca <strong>frescura y expresividad arom\u00e1tica en cada sorbo.<\/strong><\/p>\n","protected":false},"excerpt":{"rendered":"<p>Vi\u00f1as del Vero Gew\u00fcrztraminer 2023\u00a0despliega un bouquet encantador, donde se entrelazan notas de lichi, mango y flores blancas, creando una\u2026<\/p>\n","protected":false},"featured_media":8979,"template":"","meta":{"inline_featured_image":false,"_monsterinsights_skip_tracking":false,"_monsterinsights_sitenote_active":false,"_monsterinsights_sitenote_note":"","_monsterinsights_sitenote_category":0},"product_brand":[],"product_cat":[792,79],"product_tag":[],"class_list":{"0":"post-8978","1":"product","2":"type-product","3":"status-publish","4":"has-post-thumbnail","6":"product_cat-novedades","7":"product_cat-vinos-blancos","8":"pa_bodega-vinas-del-vero","9":"pa_zona-vinicola-d-o-somontano","11":"first","12":"instock","13":"taxable","14":"shipping-taxable","15":"purchasable","16":"product-type-simple"},"_links":{"self":[{"href":"https:\/\/www.mr-vin.com\/en\/wp-json\/wp\/v2\/product\/8978","targetHints":{"allow":["GET"]}}],"collection":[{"href":"https:\/\/www.mr-vin.com\/en\/wp-json\/wp\/v2\/product"}],"about":[{"href":"https:\/\/www.mr-vin.com\/en\/wp-json\/wp\/v2\/types\/product"}],"wp:featuredmedia":[{"embeddable":true,"href":"https:\/\/www.mr-vin.com\/en\/wp-json\/wp\/v2\/media\/8979"}],"wp:attachment":[{"href":"https:\/\/www.mr-vin.com\/en\/wp-json\/wp\/v2\/media?parent=8978"}],"wp:term":[{"taxonomy":"product_brand","embeddable":true,"href":"https:\/\/www.mr-vin.com\/en\/wp-json\/wp\/v2\/product_brand?post=8978"},{"taxonomy":"product_cat","embeddable":true,"href":"https:\/\/www.mr-vin.com\/en\/wp-json\/wp\/v2\/product_cat?post=8978"},{"taxonomy":"product_tag","embeddable":true,"href":"https:\/\/www.mr-vin.com\/en\/wp-json\/wp\/v2\/product_tag?post=8978"}],"curies":[{"name":"wp","href":"https:\/\/api.w.org\/{rel}","templated":true}]}}