{"id":8970,"date":"2024-02-19T14:18:56","date_gmt":"2024-02-19T12:18:56","guid":{"rendered":"https:\/\/www.mr-vin.com\/?post_type=product&#038;p=8970"},"modified":"2024-05-31T13:04:56","modified_gmt":"2024-05-31T11:04:56","slug":"vinas-del-vero-chardonnay","status":"publish","type":"product","link":"https:\/\/www.mr-vin.com\/en\/product\/vinas-del-vero-chardonnay\/","title":{"rendered":"Vi\u00f1as del Vero Chardonnay"},"content":{"rendered":"<p><strong>Vi\u00f1as del Vero Chardonnay 2023\u00a0<\/strong>es un vino blanco que seduce con su juventud y frescura. Al acercar la nariz, se despliegan aromas tropicales donde destacan la pi\u00f1a y el mango, acompa\u00f1ados de matices de pl\u00e1tano y guayaba. Un toque c\u00edtrico se hace presente con notas de corteza de lim\u00f3n, aportando vivacidad.<\/p>\n<p>En boca, se muestra ligero y directo, con una acidez equilibrada que invita a un sorbo tras otro. Su perfil n\u00edtido lo convierte en una opci\u00f3n refrescante y f\u00e1cil de disfrutar.<\/p>\n","protected":false},"excerpt":{"rendered":"<p>Vi\u00f1as del Vero Chardonnay 2023\u00a0es un vino blanco que seduce con su juventud y frescura. Al acercar la nariz, se\u2026<\/p>\n","protected":false},"featured_media":9285,"template":"","meta":{"inline_featured_image":false,"_monsterinsights_skip_tracking":false,"_monsterinsights_sitenote_active":false,"_monsterinsights_sitenote_note":"","_monsterinsights_sitenote_category":0},"product_brand":[],"product_cat":[792,79],"product_tag":[],"class_list":{"0":"post-8970","1":"product","2":"type-product","3":"status-publish","4":"has-post-thumbnail","6":"product_cat-novedades","7":"product_cat-vinos-blancos","8":"pa_bodega-vinas-del-vero","9":"pa_zona-vinicola-d-o-somontano","11":"first","12":"instock","13":"taxable","14":"shipping-taxable","15":"purchasable","16":"product-type-simple"},"_links":{"self":[{"href":"https:\/\/www.mr-vin.com\/en\/wp-json\/wp\/v2\/product\/8970","targetHints":{"allow":["GET"]}}],"collection":[{"href":"https:\/\/www.mr-vin.com\/en\/wp-json\/wp\/v2\/product"}],"about":[{"href":"https:\/\/www.mr-vin.com\/en\/wp-json\/wp\/v2\/types\/product"}],"wp:featuredmedia":[{"embeddable":true,"href":"https:\/\/www.mr-vin.com\/en\/wp-json\/wp\/v2\/media\/9285"}],"wp:attachment":[{"href":"https:\/\/www.mr-vin.com\/en\/wp-json\/wp\/v2\/media?parent=8970"}],"wp:term":[{"taxonomy":"product_brand","embeddable":true,"href":"https:\/\/www.mr-vin.com\/en\/wp-json\/wp\/v2\/product_brand?post=8970"},{"taxonomy":"product_cat","embeddable":true,"href":"https:\/\/www.mr-vin.com\/en\/wp-json\/wp\/v2\/product_cat?post=8970"},{"taxonomy":"product_tag","embeddable":true,"href":"https:\/\/www.mr-vin.com\/en\/wp-json\/wp\/v2\/product_tag?post=8970"}],"curies":[{"name":"wp","href":"https:\/\/api.w.org\/{rel}","templated":true}]}}