{"id":8914,"date":"2023-11-28T18:26:26","date_gmt":"2023-11-28T16:26:26","guid":{"rendered":"https:\/\/www.mr-vin.com\/?post_type=product&#038;p=8914"},"modified":"2024-05-30T12:57:22","modified_gmt":"2024-05-30T10:57:22","slug":"sidra-gurutzeta","status":"publish","type":"product","link":"https:\/\/www.mr-vin.com\/en\/product\/sidra-gurutzeta\/","title":{"rendered":"Sidra Gurutzeta"},"content":{"rendered":"<p>Sidra de gran calidad elaborada 100 % con manzana aut\u00f3ctona.<\/p>\n<p>Una sidra elaborada con manzanas del pa\u00eds, utilizando variedades creadas en la tierra, mejoradas y conservadas durante miles de a\u00f1os. Adem\u00e1s de la utilizaci\u00f3n de productos aut\u00f3ctonos, la base de la denominaci\u00f3n de origen Euskal Sagardoa es la calidad: todas las sidras que llevan el certificado deben superar unos exhaustivos controles anal\u00edticos f\u00edsico-qu\u00edmicos y organol\u00e9pticos.<\/p>\n","protected":false},"excerpt":{"rendered":"<p>Sidra de gran calidad elaborada 100 % con manzana aut\u00f3ctona. Una sidra elaborada con manzanas del pa\u00eds, utilizando variedades creadas\u2026<\/p>\n","protected":false},"featured_media":8915,"template":"","meta":{"inline_featured_image":false,"_monsterinsights_skip_tracking":false,"_monsterinsights_sitenote_active":false,"_monsterinsights_sitenote_note":"","_monsterinsights_sitenote_category":0},"product_brand":[],"product_cat":[278,792],"product_tag":[],"class_list":{"0":"post-8914","1":"product","2":"type-product","3":"status-publish","4":"has-post-thumbnail","6":"product_cat-elaboraciones-especiales","7":"product_cat-novedades","9":"first","10":"instock","11":"taxable","12":"shipping-taxable","13":"purchasable","14":"product-type-simple"},"_links":{"self":[{"href":"https:\/\/www.mr-vin.com\/en\/wp-json\/wp\/v2\/product\/8914","targetHints":{"allow":["GET"]}}],"collection":[{"href":"https:\/\/www.mr-vin.com\/en\/wp-json\/wp\/v2\/product"}],"about":[{"href":"https:\/\/www.mr-vin.com\/en\/wp-json\/wp\/v2\/types\/product"}],"wp:featuredmedia":[{"embeddable":true,"href":"https:\/\/www.mr-vin.com\/en\/wp-json\/wp\/v2\/media\/8915"}],"wp:attachment":[{"href":"https:\/\/www.mr-vin.com\/en\/wp-json\/wp\/v2\/media?parent=8914"}],"wp:term":[{"taxonomy":"product_brand","embeddable":true,"href":"https:\/\/www.mr-vin.com\/en\/wp-json\/wp\/v2\/product_brand?post=8914"},{"taxonomy":"product_cat","embeddable":true,"href":"https:\/\/www.mr-vin.com\/en\/wp-json\/wp\/v2\/product_cat?post=8914"},{"taxonomy":"product_tag","embeddable":true,"href":"https:\/\/www.mr-vin.com\/en\/wp-json\/wp\/v2\/product_tag?post=8914"}],"curies":[{"name":"wp","href":"https:\/\/api.w.org\/{rel}","templated":true}]}}