{"id":8874,"date":"2023-11-16T13:57:43","date_gmt":"2023-11-16T11:57:43","guid":{"rendered":"https:\/\/www.mr-vin.com\/?post_type=product&#038;p=8874"},"modified":"2024-05-30T12:57:22","modified_gmt":"2024-05-30T10:57:22","slug":"crin-roja-verdejo","status":"publish","type":"product","link":"https:\/\/www.mr-vin.com\/en\/product\/crin-roja-verdejo\/","title":{"rendered":"Crin Roja Verdejo"},"content":{"rendered":"<p>Vino elaborado a partir de<strong> 100% de uvas Verdejo<\/strong>, una variedad blanca que es muy apreciada en la Pen\u00ednsula Ib\u00e9rica. Se cree que su origen se encuentra en el norte de \u00c1frica, pero luego fue tra\u00edda a la regi\u00f3n del Duero despu\u00e9s de la conquista de Toledo. Hoy en d\u00eda, la Verdejo es muy com\u00fan en Castilla y Le\u00f3n, espec\u00edficamente en la regi\u00f3n de Rueda, y tambi\u00e9n se cultiva en Extremadura y Castilla La Mancha.<\/p>\n<p><em>Este vino es una excelente elecci\u00f3n para acompa\u00f1ar una variedad de platos, como ensaladas, tapas, pastas, arroces y marisco.<\/em><\/p>\n","protected":false},"excerpt":{"rendered":"<p>Vino elaborado a partir de 100% de uvas Verdejo, una variedad blanca que es muy apreciada en la Pen\u00ednsula Ib\u00e9rica.\u2026<\/p>\n","protected":false},"featured_media":8875,"template":"","meta":{"inline_featured_image":false,"_monsterinsights_skip_tracking":false,"_monsterinsights_sitenote_active":false,"_monsterinsights_sitenote_note":"","_monsterinsights_sitenote_category":0},"product_brand":[],"product_cat":[792,79],"product_tag":[],"class_list":{"0":"post-8874","1":"product","2":"type-product","3":"status-publish","4":"has-post-thumbnail","6":"product_cat-novedades","7":"product_cat-vinos-blancos","8":"pa_bodega-crin-roja","9":"pa_zona-vinicola-vdt-castilla","11":"first","12":"outofstock","13":"taxable","14":"shipping-taxable","15":"purchasable","16":"product-type-simple"},"_links":{"self":[{"href":"https:\/\/www.mr-vin.com\/en\/wp-json\/wp\/v2\/product\/8874","targetHints":{"allow":["GET"]}}],"collection":[{"href":"https:\/\/www.mr-vin.com\/en\/wp-json\/wp\/v2\/product"}],"about":[{"href":"https:\/\/www.mr-vin.com\/en\/wp-json\/wp\/v2\/types\/product"}],"wp:featuredmedia":[{"embeddable":true,"href":"https:\/\/www.mr-vin.com\/en\/wp-json\/wp\/v2\/media\/8875"}],"wp:attachment":[{"href":"https:\/\/www.mr-vin.com\/en\/wp-json\/wp\/v2\/media?parent=8874"}],"wp:term":[{"taxonomy":"product_brand","embeddable":true,"href":"https:\/\/www.mr-vin.com\/en\/wp-json\/wp\/v2\/product_brand?post=8874"},{"taxonomy":"product_cat","embeddable":true,"href":"https:\/\/www.mr-vin.com\/en\/wp-json\/wp\/v2\/product_cat?post=8874"},{"taxonomy":"product_tag","embeddable":true,"href":"https:\/\/www.mr-vin.com\/en\/wp-json\/wp\/v2\/product_tag?post=8874"}],"curies":[{"name":"wp","href":"https:\/\/api.w.org\/{rel}","templated":true}]}}