{"id":8870,"date":"2023-11-16T13:43:06","date_gmt":"2023-11-16T11:43:06","guid":{"rendered":"https:\/\/www.mr-vin.com\/?post_type=product&#038;p=8870"},"modified":"2024-11-18T14:13:18","modified_gmt":"2024-11-18T12:13:18","slug":"crin-roja-macabeo","status":"publish","type":"product","link":"https:\/\/www.mr-vin.com\/en\/product\/crin-roja-macabeo\/","title":{"rendered":"Crin Roja Macabeo"},"content":{"rendered":"<p>El Crin Roja Macabeo es un vino blanco elaborado exclusivamente con la<strong> variedad Macabeo<\/strong>, ampliamente conocida por su versatilidad y adaptabilidad a diferentes climas y suelos espa\u00f1oles. El Crin roja Macabeo con un color amarillo p\u00e1lido y reflejos verdosos, su aroma fresco y expresivo combina notas de manzana verde y melocot\u00f3n. Al paladar es fresco y equilibrado, con una acidez que deja un agradable recuerdo frutal.<\/p>\n<p><em>Ideal para ser disfrutado con aperitivos, ensaladas, pasta y pescados suaves.<\/em><\/p>\n","protected":false},"excerpt":{"rendered":"<p>El Crin Roja Macabeo es un vino blanco elaborado exclusivamente con la variedad Macabeo, ampliamente conocida por su versatilidad y\u2026<\/p>\n","protected":false},"featured_media":8871,"template":"","meta":{"inline_featured_image":false,"_monsterinsights_skip_tracking":false,"_monsterinsights_sitenote_active":false,"_monsterinsights_sitenote_note":"","_monsterinsights_sitenote_category":0},"product_brand":[],"product_cat":[792,79],"product_tag":[],"class_list":{"0":"post-8870","1":"product","2":"type-product","3":"status-publish","4":"has-post-thumbnail","6":"product_cat-novedades","7":"product_cat-vinos-blancos","8":"pa_bodega-crin-roja","9":"pa_zona-vinicola-vdt-castilla","11":"first","12":"instock","13":"taxable","14":"shipping-taxable","15":"purchasable","16":"product-type-simple"},"_links":{"self":[{"href":"https:\/\/www.mr-vin.com\/en\/wp-json\/wp\/v2\/product\/8870","targetHints":{"allow":["GET"]}}],"collection":[{"href":"https:\/\/www.mr-vin.com\/en\/wp-json\/wp\/v2\/product"}],"about":[{"href":"https:\/\/www.mr-vin.com\/en\/wp-json\/wp\/v2\/types\/product"}],"wp:featuredmedia":[{"embeddable":true,"href":"https:\/\/www.mr-vin.com\/en\/wp-json\/wp\/v2\/media\/8871"}],"wp:attachment":[{"href":"https:\/\/www.mr-vin.com\/en\/wp-json\/wp\/v2\/media?parent=8870"}],"wp:term":[{"taxonomy":"product_brand","embeddable":true,"href":"https:\/\/www.mr-vin.com\/en\/wp-json\/wp\/v2\/product_brand?post=8870"},{"taxonomy":"product_cat","embeddable":true,"href":"https:\/\/www.mr-vin.com\/en\/wp-json\/wp\/v2\/product_cat?post=8870"},{"taxonomy":"product_tag","embeddable":true,"href":"https:\/\/www.mr-vin.com\/en\/wp-json\/wp\/v2\/product_tag?post=8870"}],"curies":[{"name":"wp","href":"https:\/\/api.w.org\/{rel}","templated":true}]}}