{"id":8863,"date":"2023-11-16T13:13:40","date_gmt":"2023-11-16T11:13:40","guid":{"rendered":"https:\/\/www.mr-vin.com\/?post_type=product&#038;p=8863"},"modified":"2025-11-03T13:37:12","modified_gmt":"2025-11-03T11:37:12","slug":"hacienda-lopez-de-haro-san-vicente-de-la-sonsierra","status":"publish","type":"product","link":"https:\/\/www.mr-vin.com\/en\/product\/hacienda-lopez-de-haro-san-vicente-de-la-sonsierra\/","title":{"rendered":"Hacienda L\u00f3pez de Haro San Vicente de la Sonsierra"},"content":{"rendered":"<p>San Vicente de la Sonsierra es el vino de pueblo de la colecci\u00f3n Hacienda L\u00f3pez de Haro. Un vino al que da nombre la localidad de La Rioja Alta en la que se asienta nuestra bodega. Para elaborarlo hemos escogido las mejores uvas de una selecci\u00f3n de parcelas de <strong>Tempranillo y Mazuelo<\/strong> de San Vicente, el resultado es un vino con todo el car\u00e1cter y personalidad de un pueblo con m\u00e1s de dos mil a\u00f1os de historia vin\u00edcola.<\/p>\n<p>12 d\u00edas de maceraci\u00f3n. Fermentaci\u00f3n controlada que finaliza a menos de 25 grados.<\/p>\n","protected":false},"excerpt":{"rendered":"<p>San Vicente de la Sonsierra es el vino de pueblo de la colecci\u00f3n Hacienda L\u00f3pez de Haro. Un vino al\u2026<\/p>\n","protected":false},"featured_media":8864,"template":"","meta":{"inline_featured_image":false,"_monsterinsights_skip_tracking":false,"_monsterinsights_sitenote_active":false,"_monsterinsights_sitenote_note":"","_monsterinsights_sitenote_category":0},"product_brand":[],"product_cat":[792,77],"product_tag":[],"class_list":{"0":"post-8863","1":"product","2":"type-product","3":"status-publish","4":"has-post-thumbnail","6":"product_cat-novedades","7":"product_cat-vinos-tintos","8":"pa_bodega-vintae","9":"pa_zona-vinicola-d-o-c-rioja","11":"first","12":"instock","13":"taxable","14":"shipping-taxable","15":"purchasable","16":"product-type-simple"},"_links":{"self":[{"href":"https:\/\/www.mr-vin.com\/en\/wp-json\/wp\/v2\/product\/8863","targetHints":{"allow":["GET"]}}],"collection":[{"href":"https:\/\/www.mr-vin.com\/en\/wp-json\/wp\/v2\/product"}],"about":[{"href":"https:\/\/www.mr-vin.com\/en\/wp-json\/wp\/v2\/types\/product"}],"wp:featuredmedia":[{"embeddable":true,"href":"https:\/\/www.mr-vin.com\/en\/wp-json\/wp\/v2\/media\/8864"}],"wp:attachment":[{"href":"https:\/\/www.mr-vin.com\/en\/wp-json\/wp\/v2\/media?parent=8863"}],"wp:term":[{"taxonomy":"product_brand","embeddable":true,"href":"https:\/\/www.mr-vin.com\/en\/wp-json\/wp\/v2\/product_brand?post=8863"},{"taxonomy":"product_cat","embeddable":true,"href":"https:\/\/www.mr-vin.com\/en\/wp-json\/wp\/v2\/product_cat?post=8863"},{"taxonomy":"product_tag","embeddable":true,"href":"https:\/\/www.mr-vin.com\/en\/wp-json\/wp\/v2\/product_tag?post=8863"}],"curies":[{"name":"wp","href":"https:\/\/api.w.org\/{rel}","templated":true}]}}