{"id":8856,"date":"2023-11-16T11:55:44","date_gmt":"2023-11-16T09:55:44","guid":{"rendered":"https:\/\/www.mr-vin.com\/?post_type=product&#038;p=8856"},"modified":"2025-06-11T11:18:30","modified_gmt":"2025-06-11T09:18:30","slug":"camino-del-palacio-real-crianza","status":"publish","type":"product","link":"https:\/\/www.mr-vin.com\/en\/product\/camino-del-palacio-real-crianza\/","title":{"rendered":"Camino del Palacio Real Crianza"},"content":{"rendered":"<p><strong>Variedad:<\/strong> 60% Garnachas, 35% Tempranillo y 5% Viura.<\/p>\n<p>Palacio del Camino Real es una vuelta a la esencia de los vinos de Rioja de principio del siglo XX en las que la Garnacha era la protagonista y se pod\u00eda encontrar tambi\u00e9n un peque\u00f1o porcentaje de uva blanca. Son vinos frescos, elegantes, redondos y amables. Palacio del Camino Real Crianza, es un vino tinto de atractivo color rojo rub\u00ed que impresiona por su compleja nariz en la que se integran perfectamente los matices de la crianza con la frescura e intensidad de sus uvas eleccionadas. En boca es un vino es un vino fresco, amable, equilibrado y con un largo retrogusto.<\/p>\n<p><em><strong>Maridaje:<\/strong> Tallarines a la parmesana, Rabo de toro con salsa de tinto y Chuletillas al sarmiento.<\/em><\/p>\n","protected":false},"excerpt":{"rendered":"<p>Variedad: 60% Garnachas, 35% Tempranillo y 5% Viura. Palacio del Camino Real es una vuelta a la esencia de los\u2026<\/p>\n","protected":false},"featured_media":8857,"template":"","meta":{"inline_featured_image":false,"_monsterinsights_skip_tracking":false,"_monsterinsights_sitenote_active":false,"_monsterinsights_sitenote_note":"","_monsterinsights_sitenote_category":0},"product_brand":[],"product_cat":[792,77],"product_tag":[],"class_list":{"0":"post-8856","1":"product","2":"type-product","3":"status-publish","4":"has-post-thumbnail","6":"product_cat-novedades","7":"product_cat-vinos-tintos","8":"pa_bodega-vintae","9":"pa_zona-vinicola-d-o-c-rioja","11":"first","12":"outofstock","13":"taxable","14":"shipping-taxable","15":"purchasable","16":"product-type-simple"},"_links":{"self":[{"href":"https:\/\/www.mr-vin.com\/en\/wp-json\/wp\/v2\/product\/8856","targetHints":{"allow":["GET"]}}],"collection":[{"href":"https:\/\/www.mr-vin.com\/en\/wp-json\/wp\/v2\/product"}],"about":[{"href":"https:\/\/www.mr-vin.com\/en\/wp-json\/wp\/v2\/types\/product"}],"wp:featuredmedia":[{"embeddable":true,"href":"https:\/\/www.mr-vin.com\/en\/wp-json\/wp\/v2\/media\/8857"}],"wp:attachment":[{"href":"https:\/\/www.mr-vin.com\/en\/wp-json\/wp\/v2\/media?parent=8856"}],"wp:term":[{"taxonomy":"product_brand","embeddable":true,"href":"https:\/\/www.mr-vin.com\/en\/wp-json\/wp\/v2\/product_brand?post=8856"},{"taxonomy":"product_cat","embeddable":true,"href":"https:\/\/www.mr-vin.com\/en\/wp-json\/wp\/v2\/product_cat?post=8856"},{"taxonomy":"product_tag","embeddable":true,"href":"https:\/\/www.mr-vin.com\/en\/wp-json\/wp\/v2\/product_tag?post=8856"}],"curies":[{"name":"wp","href":"https:\/\/api.w.org\/{rel}","templated":true}]}}