{"id":8700,"date":"2023-09-13T13:26:00","date_gmt":"2023-09-13T11:26:00","guid":{"rendered":"https:\/\/www.mr-vin.com\/?post_type=product&#038;p=8700"},"modified":"2024-05-30T12:57:21","modified_gmt":"2024-05-30T10:57:21","slug":"el-nido","status":"publish","type":"product","link":"https:\/\/www.mr-vin.com\/en\/product\/el-nido\/","title":{"rendered":"El nido"},"content":{"rendered":"<p>70% Cabernet Sauvignon, 30% Monastrell de cepas viejas seleccionadas de los mejores vi\u00f1edos, y posteriormente seleccionadas en mesa de selecci\u00f3n.<\/p>\n<p>El Nido es un vino singular de gran riqueza y sabor, sutil, equilibrado y muy elegante. Compuesto por un\u00a0cupage en el que el Cabernet Sauvignon tiene mayor protagonismo, acompa\u00f1ado de una menor proporci\u00f3n de Monastrell, justo en proporci\u00f3n inversa a su hermano peque\u00f1o Clio. Las uvas provienen de vi\u00f1as muy viejas de Monastrell de bajo rendimiento y de una finca de Cabernet Sauvignon de 12 hect\u00e1reas.<\/p>\n","protected":false},"excerpt":{"rendered":"<p>70% Cabernet Sauvignon, 30% Monastrell de cepas viejas seleccionadas de los mejores vi\u00f1edos, y posteriormente seleccionadas en mesa de selecci\u00f3n.\u2026<\/p>\n","protected":false},"featured_media":8701,"template":"","meta":{"inline_featured_image":false,"_monsterinsights_skip_tracking":false,"_monsterinsights_sitenote_active":false,"_monsterinsights_sitenote_note":"","_monsterinsights_sitenote_category":0},"product_brand":[],"product_cat":[792,77],"product_tag":[],"class_list":{"0":"post-8700","1":"product","2":"type-product","3":"status-publish","4":"has-post-thumbnail","6":"product_cat-novedades","7":"product_cat-vinos-tintos","8":"pa_bodega-juan-gil","9":"pa_zona-vinicola-d-o-jumilla","11":"first","12":"instock","13":"taxable","14":"shipping-taxable","15":"purchasable","16":"product-type-simple"},"_links":{"self":[{"href":"https:\/\/www.mr-vin.com\/en\/wp-json\/wp\/v2\/product\/8700","targetHints":{"allow":["GET"]}}],"collection":[{"href":"https:\/\/www.mr-vin.com\/en\/wp-json\/wp\/v2\/product"}],"about":[{"href":"https:\/\/www.mr-vin.com\/en\/wp-json\/wp\/v2\/types\/product"}],"wp:featuredmedia":[{"embeddable":true,"href":"https:\/\/www.mr-vin.com\/en\/wp-json\/wp\/v2\/media\/8701"}],"wp:attachment":[{"href":"https:\/\/www.mr-vin.com\/en\/wp-json\/wp\/v2\/media?parent=8700"}],"wp:term":[{"taxonomy":"product_brand","embeddable":true,"href":"https:\/\/www.mr-vin.com\/en\/wp-json\/wp\/v2\/product_brand?post=8700"},{"taxonomy":"product_cat","embeddable":true,"href":"https:\/\/www.mr-vin.com\/en\/wp-json\/wp\/v2\/product_cat?post=8700"},{"taxonomy":"product_tag","embeddable":true,"href":"https:\/\/www.mr-vin.com\/en\/wp-json\/wp\/v2\/product_tag?post=8700"}],"curies":[{"name":"wp","href":"https:\/\/api.w.org\/{rel}","templated":true}]}}