{"id":8694,"date":"2023-09-12T12:57:51","date_gmt":"2023-09-12T10:57:51","guid":{"rendered":"https:\/\/www.mr-vin.com\/?post_type=product&#038;p=8694"},"modified":"2025-02-03T23:25:07","modified_gmt":"2025-02-03T21:25:07","slug":"at-roca-costers","status":"publish","type":"product","link":"https:\/\/www.mr-vin.com\/en\/product\/at-roca-costers\/","title":{"rendered":"AT Roca Costers"},"content":{"rendered":"<p>Vino blanco Sobre l\u00edas Ecol\u00f3gico. 4 meses sobre l\u00edas.<br \/>\n<strong>AT Roca Costers<\/strong>\u00a0es un vino blanco elaborado por\u00a0<strong>AT Roc<\/strong>a con las variedades<strong>\u00a0malvas\u00eda de Sitges y xarel\u00b7l<\/strong>o en la\u00a0<strong>D.O. Pened\u00e8s\u00a0<\/strong>(Catalu\u00f1a).<\/p>\n","protected":false},"excerpt":{"rendered":"<p>Vino blanco Sobre l\u00edas Ecol\u00f3gico. 4 meses sobre l\u00edas. AT Roca Costers\u00a0es un vino blanco elaborado por\u00a0AT Roca con las\u2026<\/p>\n","protected":false},"featured_media":8695,"template":"","meta":{"inline_featured_image":false,"_monsterinsights_skip_tracking":false,"_monsterinsights_sitenote_active":false,"_monsterinsights_sitenote_note":"","_monsterinsights_sitenote_category":0},"product_brand":[],"product_cat":[792,79],"product_tag":[],"class_list":{"0":"post-8694","1":"product","2":"type-product","3":"status-publish","4":"has-post-thumbnail","6":"product_cat-novedades","7":"product_cat-vinos-blancos","8":"pa_bodega-at-roca","9":"pa_zona-vinicola-d-o-penedes","11":"first","12":"instock","13":"taxable","14":"shipping-taxable","15":"purchasable","16":"product-type-simple"},"_links":{"self":[{"href":"https:\/\/www.mr-vin.com\/en\/wp-json\/wp\/v2\/product\/8694","targetHints":{"allow":["GET"]}}],"collection":[{"href":"https:\/\/www.mr-vin.com\/en\/wp-json\/wp\/v2\/product"}],"about":[{"href":"https:\/\/www.mr-vin.com\/en\/wp-json\/wp\/v2\/types\/product"}],"wp:featuredmedia":[{"embeddable":true,"href":"https:\/\/www.mr-vin.com\/en\/wp-json\/wp\/v2\/media\/8695"}],"wp:attachment":[{"href":"https:\/\/www.mr-vin.com\/en\/wp-json\/wp\/v2\/media?parent=8694"}],"wp:term":[{"taxonomy":"product_brand","embeddable":true,"href":"https:\/\/www.mr-vin.com\/en\/wp-json\/wp\/v2\/product_brand?post=8694"},{"taxonomy":"product_cat","embeddable":true,"href":"https:\/\/www.mr-vin.com\/en\/wp-json\/wp\/v2\/product_cat?post=8694"},{"taxonomy":"product_tag","embeddable":true,"href":"https:\/\/www.mr-vin.com\/en\/wp-json\/wp\/v2\/product_tag?post=8694"}],"curies":[{"name":"wp","href":"https:\/\/api.w.org\/{rel}","templated":true}]}}