{"id":8691,"date":"2023-09-12T12:45:31","date_gmt":"2023-09-12T10:45:31","guid":{"rendered":"https:\/\/www.mr-vin.com\/?post_type=product&#038;p=8691"},"modified":"2024-05-30T12:57:20","modified_gmt":"2024-05-30T10:57:20","slug":"rara-avis-larus-brut-nature","status":"publish","type":"product","link":"https:\/\/www.mr-vin.com\/en\/product\/rara-avis-larus-brut-nature\/","title":{"rendered":"Rara avis larus brut nature"},"content":{"rendered":"<p>Larus simboliza el triunfo del equilibrio entre modernidad y tradici\u00f3n, entre la elegancia de la <strong>variedad Pinot Noir y la potencia de la Xarel\u00b7lo.<br \/>\n<\/strong>M\u00e9todo Tradicional con segunda fermentaci\u00f3n en botella. Crianza m\u00ednima de 24 meses sobre sus l\u00edas (Reserva) sin az\u00facar a\u00f1adido.<\/p>\n","protected":false},"excerpt":{"rendered":"<p>Larus simboliza el triunfo del equilibrio entre modernidad y tradici\u00f3n, entre la elegancia de la variedad Pinot Noir y la\u2026<\/p>\n","protected":false},"featured_media":8692,"template":"","meta":{"inline_featured_image":false,"_monsterinsights_skip_tracking":false,"_monsterinsights_sitenote_active":false,"_monsterinsights_sitenote_note":"","_monsterinsights_sitenote_category":0},"product_brand":[],"product_cat":[277,792,78],"product_tag":[],"class_list":{"0":"post-8691","1":"product","2":"type-product","3":"status-publish","4":"has-post-thumbnail","6":"product_cat-espumosos","7":"product_cat-novedades","8":"product_cat-vinos-ecologicos","9":"pa_bodega-137","10":"pa_zona-vinicola-d-o-cava","12":"first","13":"instock","14":"taxable","15":"shipping-taxable","16":"purchasable","17":"product-type-simple"},"_links":{"self":[{"href":"https:\/\/www.mr-vin.com\/en\/wp-json\/wp\/v2\/product\/8691","targetHints":{"allow":["GET"]}}],"collection":[{"href":"https:\/\/www.mr-vin.com\/en\/wp-json\/wp\/v2\/product"}],"about":[{"href":"https:\/\/www.mr-vin.com\/en\/wp-json\/wp\/v2\/types\/product"}],"wp:featuredmedia":[{"embeddable":true,"href":"https:\/\/www.mr-vin.com\/en\/wp-json\/wp\/v2\/media\/8692"}],"wp:attachment":[{"href":"https:\/\/www.mr-vin.com\/en\/wp-json\/wp\/v2\/media?parent=8691"}],"wp:term":[{"taxonomy":"product_brand","embeddable":true,"href":"https:\/\/www.mr-vin.com\/en\/wp-json\/wp\/v2\/product_brand?post=8691"},{"taxonomy":"product_cat","embeddable":true,"href":"https:\/\/www.mr-vin.com\/en\/wp-json\/wp\/v2\/product_cat?post=8691"},{"taxonomy":"product_tag","embeddable":true,"href":"https:\/\/www.mr-vin.com\/en\/wp-json\/wp\/v2\/product_tag?post=8691"}],"curies":[{"name":"wp","href":"https:\/\/api.w.org\/{rel}","templated":true}]}}