{"id":8601,"date":"2023-08-22T11:03:15","date_gmt":"2023-08-22T09:03:15","guid":{"rendered":"https:\/\/www.mr-vin.com\/?post_type=product&#038;p=8601"},"modified":"2024-05-30T12:57:19","modified_gmt":"2024-05-30T10:57:19","slug":"familia-valdelana-rosado","status":"publish","type":"product","link":"https:\/\/www.mr-vin.com\/en\/product\/familia-valdelana-rosado\/","title":{"rendered":"Familia Valdelana Rosado"},"content":{"rendered":"<p>Buen ensamblaje entre las <strong>uvas Garnacha y Tempranillo<\/strong> procedentes de vi\u00f1edos de 15 a\u00f1os. La Garnacha es una variedad id\u00f3nea para este perfil de vino, es rica en extracto, es muy sensible al corrimiento, resistente a la sequ\u00eda y a bastantes plagas y enfermedades del vi\u00f1edo como o\u00eddio y acariosis.<\/p>\n<p>Para realizar el vino, se realiza un sangrado, el primer mosto se brota, controlando las bajas temperaturas se inicia la fermentaci\u00f3n. De color rosa frambuesa, resulta un vino muy fresco y lleno de energ\u00eda en boca,<strong> ideal para pescados y mariscos.<\/strong><\/p>\n","protected":false},"excerpt":{"rendered":"<p>Buen ensamblaje entre las uvas Garnacha y Tempranillo procedentes de vi\u00f1edos de 15 a\u00f1os. La Garnacha es una variedad id\u00f3nea\u2026<\/p>\n","protected":false},"featured_media":8602,"template":"","meta":{"inline_featured_image":false,"_monsterinsights_skip_tracking":false,"_monsterinsights_sitenote_active":false,"_monsterinsights_sitenote_note":"","_monsterinsights_sitenote_category":0},"product_brand":[],"product_cat":[792,80],"product_tag":[],"class_list":{"0":"post-8601","1":"product","2":"type-product","3":"status-publish","4":"has-post-thumbnail","6":"product_cat-novedades","7":"product_cat-vinos-rosados","8":"pa_bodega-bodegas-valdelana","9":"pa_zona-vinicola-d-o-c-rioja","11":"first","12":"instock","13":"taxable","14":"shipping-taxable","15":"purchasable","16":"product-type-simple"},"_links":{"self":[{"href":"https:\/\/www.mr-vin.com\/en\/wp-json\/wp\/v2\/product\/8601","targetHints":{"allow":["GET"]}}],"collection":[{"href":"https:\/\/www.mr-vin.com\/en\/wp-json\/wp\/v2\/product"}],"about":[{"href":"https:\/\/www.mr-vin.com\/en\/wp-json\/wp\/v2\/types\/product"}],"wp:featuredmedia":[{"embeddable":true,"href":"https:\/\/www.mr-vin.com\/en\/wp-json\/wp\/v2\/media\/8602"}],"wp:attachment":[{"href":"https:\/\/www.mr-vin.com\/en\/wp-json\/wp\/v2\/media?parent=8601"}],"wp:term":[{"taxonomy":"product_brand","embeddable":true,"href":"https:\/\/www.mr-vin.com\/en\/wp-json\/wp\/v2\/product_brand?post=8601"},{"taxonomy":"product_cat","embeddable":true,"href":"https:\/\/www.mr-vin.com\/en\/wp-json\/wp\/v2\/product_cat?post=8601"},{"taxonomy":"product_tag","embeddable":true,"href":"https:\/\/www.mr-vin.com\/en\/wp-json\/wp\/v2\/product_tag?post=8601"}],"curies":[{"name":"wp","href":"https:\/\/api.w.org\/{rel}","templated":true}]}}