{"id":8585,"date":"2023-08-18T13:32:29","date_gmt":"2023-08-18T11:32:29","guid":{"rendered":"https:\/\/www.mr-vin.com\/?post_type=product&#038;p=8585"},"modified":"2024-09-19T18:58:59","modified_gmt":"2024-09-19T16:58:59","slug":"muriel-crianza","status":"publish","type":"product","link":"https:\/\/www.mr-vin.com\/en\/product\/muriel-crianza\/","title":{"rendered":"Muriel crianza"},"content":{"rendered":"<p><strong>100% Tempranillo.<\/strong><\/p>\n<p>Selecci\u00f3n de uvas procedentes de vi\u00f1edos en Rioja Alavesa y Rioja Alta, plantados en suelos de tipo calc\u00e1reo de textura franco-arcillosa muy pobres. El proceso de fermentaci\u00f3n de\u00a0<strong>Muriel Crianza<\/strong>\u00a0se lleva a cabo con una maceraci\u00f3n del vino de 15 d\u00edas en dep\u00f3sitos de acero inoxidable, con remontados diarios para la \u00f3ptima extracci\u00f3n de color y taninos.<\/p>\n<p><strong>Maridaje:<\/strong> Caza de pluma, Aperitivo, Quesos semicurados, Quesos de pasta suaves, Caza menor.<\/p>\n","protected":false},"excerpt":{"rendered":"<p>100% Tempranillo. Selecci\u00f3n de uvas procedentes de vi\u00f1edos en Rioja Alavesa y Rioja Alta, plantados en suelos de tipo calc\u00e1reo\u2026<\/p>\n","protected":false},"featured_media":8586,"template":"","meta":{"inline_featured_image":false,"_monsterinsights_skip_tracking":false,"_monsterinsights_sitenote_active":false,"_monsterinsights_sitenote_note":"","_monsterinsights_sitenote_category":0},"product_brand":[],"product_cat":[792,77],"product_tag":[],"class_list":{"0":"post-8585","1":"product","2":"type-product","3":"status-publish","4":"has-post-thumbnail","6":"product_cat-novedades","7":"product_cat-vinos-tintos","8":"pa_bodega-muriel","9":"pa_zona-vinicola-d-o-c-rioja","11":"first","12":"instock","13":"taxable","14":"shipping-taxable","15":"purchasable","16":"product-type-simple"},"_links":{"self":[{"href":"https:\/\/www.mr-vin.com\/en\/wp-json\/wp\/v2\/product\/8585","targetHints":{"allow":["GET"]}}],"collection":[{"href":"https:\/\/www.mr-vin.com\/en\/wp-json\/wp\/v2\/product"}],"about":[{"href":"https:\/\/www.mr-vin.com\/en\/wp-json\/wp\/v2\/types\/product"}],"wp:featuredmedia":[{"embeddable":true,"href":"https:\/\/www.mr-vin.com\/en\/wp-json\/wp\/v2\/media\/8586"}],"wp:attachment":[{"href":"https:\/\/www.mr-vin.com\/en\/wp-json\/wp\/v2\/media?parent=8585"}],"wp:term":[{"taxonomy":"product_brand","embeddable":true,"href":"https:\/\/www.mr-vin.com\/en\/wp-json\/wp\/v2\/product_brand?post=8585"},{"taxonomy":"product_cat","embeddable":true,"href":"https:\/\/www.mr-vin.com\/en\/wp-json\/wp\/v2\/product_cat?post=8585"},{"taxonomy":"product_tag","embeddable":true,"href":"https:\/\/www.mr-vin.com\/en\/wp-json\/wp\/v2\/product_tag?post=8585"}],"curies":[{"name":"wp","href":"https:\/\/api.w.org\/{rel}","templated":true}]}}