{"id":8578,"date":"2023-08-17T17:31:44","date_gmt":"2023-08-17T15:31:44","guid":{"rendered":"https:\/\/www.mr-vin.com\/?post_type=product&#038;p=8578"},"modified":"2025-05-01T09:18:05","modified_gmt":"2025-05-01T07:18:05","slug":"8578","status":"publish","type":"product","link":"https:\/\/www.mr-vin.com\/en\/product\/8578\/","title":{"rendered":"Martin Berdugo tinto org\u00e1nico"},"content":{"rendered":"<p><strong>Variedad 100% tempranillo.<\/strong><\/p>\n<p>Vinificaci\u00f3n: Se realiza una selecci\u00f3n de los racimos dentro de la parcela ecol\u00f3gica.<\/p>\n<p>La fermentaci\u00f3n alcoh\u00f3lica se realiza a unos 24\u00ba para favorecer una mayor extracci\u00f3n y obtener un vino m\u00e1s concentrado, manteniendo toda la expresividad arom\u00e1tica de la variedad.<\/p>\n<p>La fermentaci\u00f3n malol\u00e1ctica dura entre tres y seis semanas.<\/p>\n","protected":false},"excerpt":{"rendered":"<p>Variedad 100% tempranillo. Vinificaci\u00f3n: Se realiza una selecci\u00f3n de los racimos dentro de la parcela ecol\u00f3gica. La fermentaci\u00f3n alcoh\u00f3lica se\u2026<\/p>\n","protected":false},"featured_media":8579,"template":"","meta":{"inline_featured_image":false,"_monsterinsights_skip_tracking":false,"_monsterinsights_sitenote_active":false,"_monsterinsights_sitenote_note":"","_monsterinsights_sitenote_category":0},"product_brand":[],"product_cat":[792,78,77],"product_tag":[],"class_list":{"0":"post-8578","1":"product","2":"type-product","3":"status-publish","4":"has-post-thumbnail","6":"product_cat-novedades","7":"product_cat-vinos-ecologicos","8":"product_cat-vinos-tintos","9":"pa_bodega-martin-berdugo","10":"pa_zona-vinicola-d-o-ribera-del-duero","12":"first","13":"instock","14":"taxable","15":"shipping-taxable","16":"purchasable","17":"product-type-simple"},"_links":{"self":[{"href":"https:\/\/www.mr-vin.com\/en\/wp-json\/wp\/v2\/product\/8578","targetHints":{"allow":["GET"]}}],"collection":[{"href":"https:\/\/www.mr-vin.com\/en\/wp-json\/wp\/v2\/product"}],"about":[{"href":"https:\/\/www.mr-vin.com\/en\/wp-json\/wp\/v2\/types\/product"}],"wp:featuredmedia":[{"embeddable":true,"href":"https:\/\/www.mr-vin.com\/en\/wp-json\/wp\/v2\/media\/8579"}],"wp:attachment":[{"href":"https:\/\/www.mr-vin.com\/en\/wp-json\/wp\/v2\/media?parent=8578"}],"wp:term":[{"taxonomy":"product_brand","embeddable":true,"href":"https:\/\/www.mr-vin.com\/en\/wp-json\/wp\/v2\/product_brand?post=8578"},{"taxonomy":"product_cat","embeddable":true,"href":"https:\/\/www.mr-vin.com\/en\/wp-json\/wp\/v2\/product_cat?post=8578"},{"taxonomy":"product_tag","embeddable":true,"href":"https:\/\/www.mr-vin.com\/en\/wp-json\/wp\/v2\/product_tag?post=8578"}],"curies":[{"name":"wp","href":"https:\/\/api.w.org\/{rel}","templated":true}]}}