{"id":8575,"date":"2023-08-17T16:52:12","date_gmt":"2023-08-17T14:52:12","guid":{"rendered":"https:\/\/www.mr-vin.com\/?post_type=product&#038;p=8575"},"modified":"2025-01-13T12:47:25","modified_gmt":"2025-01-13T10:47:25","slug":"martin-berdugo-crianza","status":"publish","type":"product","link":"https:\/\/www.mr-vin.com\/en\/product\/martin-berdugo-crianza\/","title":{"rendered":"Martin Berdugo crianza"},"content":{"rendered":"<p>Vino tinto crianza D.O. Ribera del Duero, <strong>elaborado con uvas Tempranillo<\/strong> que cr\u00edan durante 12 meses en barricas nuevas de roble 90% americano y 70% franc\u00e9s. Un vino potente y con car\u00e1cter, con un paso en boca carnoso y un aroma complejo y bien ensamblado. Un gran crianza que promete seguir mejorando en botella.<\/p>\n","protected":false},"excerpt":{"rendered":"<p>Vino tinto crianza D.O. Ribera del Duero, elaborado con uvas Tempranillo que cr\u00edan durante 12 meses en barricas nuevas de\u2026<\/p>\n","protected":false},"featured_media":8576,"template":"","meta":{"inline_featured_image":false,"_monsterinsights_skip_tracking":false,"_monsterinsights_sitenote_active":false,"_monsterinsights_sitenote_note":"","_monsterinsights_sitenote_category":0},"product_brand":[],"product_cat":[792,77],"product_tag":[],"class_list":{"0":"post-8575","1":"product","2":"type-product","3":"status-publish","4":"has-post-thumbnail","6":"product_cat-novedades","7":"product_cat-vinos-tintos","8":"pa_bodega-martin-berdugo","9":"pa_zona-vinicola-d-o-ribera-del-duero","11":"first","12":"outofstock","13":"taxable","14":"shipping-taxable","15":"purchasable","16":"product-type-simple"},"_links":{"self":[{"href":"https:\/\/www.mr-vin.com\/en\/wp-json\/wp\/v2\/product\/8575","targetHints":{"allow":["GET"]}}],"collection":[{"href":"https:\/\/www.mr-vin.com\/en\/wp-json\/wp\/v2\/product"}],"about":[{"href":"https:\/\/www.mr-vin.com\/en\/wp-json\/wp\/v2\/types\/product"}],"wp:featuredmedia":[{"embeddable":true,"href":"https:\/\/www.mr-vin.com\/en\/wp-json\/wp\/v2\/media\/8576"}],"wp:attachment":[{"href":"https:\/\/www.mr-vin.com\/en\/wp-json\/wp\/v2\/media?parent=8575"}],"wp:term":[{"taxonomy":"product_brand","embeddable":true,"href":"https:\/\/www.mr-vin.com\/en\/wp-json\/wp\/v2\/product_brand?post=8575"},{"taxonomy":"product_cat","embeddable":true,"href":"https:\/\/www.mr-vin.com\/en\/wp-json\/wp\/v2\/product_cat?post=8575"},{"taxonomy":"product_tag","embeddable":true,"href":"https:\/\/www.mr-vin.com\/en\/wp-json\/wp\/v2\/product_tag?post=8575"}],"curies":[{"name":"wp","href":"https:\/\/api.w.org\/{rel}","templated":true}]}}