{"id":8564,"date":"2023-08-18T12:50:54","date_gmt":"2023-08-18T10:50:54","guid":{"rendered":"https:\/\/www.mr-vin.com\/?post_type=product&#038;p=8564"},"modified":"2024-05-30T12:57:18","modified_gmt":"2024-05-30T10:57:18","slug":"vino-de-pueblo-bideona-villabuena","status":"publish","type":"product","link":"https:\/\/www.mr-vin.com\/en\/product\/vino-de-pueblo-bideona-villabuena\/","title":{"rendered":"Vino de pueblo Bideona Villabuena"},"content":{"rendered":"<p><strong>Variedad 100% tempranillo.<\/strong><\/p>\n<p>Parte de la gama de vinos, Villabuena es quiz\u00e1s el municipio favorito. Un gran Vino de Pueblo de Rioja Alavesa.\u00a0 El objetivo es comprender y respetar la expresi\u00f3n del car\u00e1cter \u00fanico de cada pueblo, sin un uso excesivo de roble nuevo o de envejecimiento oxidativo.<\/p>\n<p>Siempre es un ejemplo de equilibrio, con cuerpo medio ideal y una excepcional bebilidad.<\/p>\n","protected":false},"excerpt":{"rendered":"<p>Variedad 100% tempranillo. Parte de la gama de vinos, Villabuena es quiz\u00e1s el municipio favorito. Un gran Vino de Pueblo\u2026<\/p>\n","protected":false},"featured_media":8582,"template":"","meta":{"inline_featured_image":false,"_monsterinsights_skip_tracking":false,"_monsterinsights_sitenote_active":false,"_monsterinsights_sitenote_note":"","_monsterinsights_sitenote_category":0},"product_brand":[],"product_cat":[792,77],"product_tag":[],"class_list":{"0":"post-8564","1":"product","2":"type-product","3":"status-publish","4":"has-post-thumbnail","6":"product_cat-novedades","7":"product_cat-vinos-tintos","8":"pa_bodega-bideona","9":"pa_zona-vinicola-d-o-c-rioja","11":"first","12":"instock","13":"taxable","14":"shipping-taxable","15":"purchasable","16":"product-type-simple"},"_links":{"self":[{"href":"https:\/\/www.mr-vin.com\/en\/wp-json\/wp\/v2\/product\/8564","targetHints":{"allow":["GET"]}}],"collection":[{"href":"https:\/\/www.mr-vin.com\/en\/wp-json\/wp\/v2\/product"}],"about":[{"href":"https:\/\/www.mr-vin.com\/en\/wp-json\/wp\/v2\/types\/product"}],"wp:featuredmedia":[{"embeddable":true,"href":"https:\/\/www.mr-vin.com\/en\/wp-json\/wp\/v2\/media\/8582"}],"wp:attachment":[{"href":"https:\/\/www.mr-vin.com\/en\/wp-json\/wp\/v2\/media?parent=8564"}],"wp:term":[{"taxonomy":"product_brand","embeddable":true,"href":"https:\/\/www.mr-vin.com\/en\/wp-json\/wp\/v2\/product_brand?post=8564"},{"taxonomy":"product_cat","embeddable":true,"href":"https:\/\/www.mr-vin.com\/en\/wp-json\/wp\/v2\/product_cat?post=8564"},{"taxonomy":"product_tag","embeddable":true,"href":"https:\/\/www.mr-vin.com\/en\/wp-json\/wp\/v2\/product_tag?post=8564"}],"curies":[{"name":"wp","href":"https:\/\/api.w.org\/{rel}","templated":true}]}}