{"id":8526,"date":"2023-08-14T19:00:05","date_gmt":"2023-08-14T17:00:05","guid":{"rendered":"https:\/\/www.mr-vin.com\/?post_type=product&#038;p=8526"},"modified":"2024-05-30T12:57:18","modified_gmt":"2024-05-30T10:57:18","slug":"bideona-tempranillo-de-laderas","status":"publish","type":"product","link":"https:\/\/www.mr-vin.com\/en\/product\/bideona-tempranillo-de-laderas\/","title":{"rendered":"Bideona Tempranillo de Laderas"},"content":{"rendered":"<p>Este monovarietal de\u00a0<strong>Tempranillo\u00a0<\/strong>procede de las laderas de Sierra Cantabria, que protege a los vi\u00f1edos de las inclemencias meteorol\u00f3gicas. Una referencia perfecta para comprobar la tipicidad de esta variedad en un entorno \u00fanico de la<strong>\u00a0Rioja Alavesa<\/strong>. Adem\u00e1s, es un vino que combina con gran cantidad de platos gracias a su\u00a0<strong>acidez refrescante<\/strong>.<\/p>\n","protected":false},"excerpt":{"rendered":"<p>Este monovarietal de\u00a0Tempranillo\u00a0procede de las laderas de Sierra Cantabria, que protege a los vi\u00f1edos de las inclemencias meteorol\u00f3gicas. Una referencia\u2026<\/p>\n","protected":false},"featured_media":8527,"template":"","meta":{"inline_featured_image":false,"_monsterinsights_skip_tracking":false,"_monsterinsights_sitenote_active":false,"_monsterinsights_sitenote_note":"","_monsterinsights_sitenote_category":0},"product_brand":[],"product_cat":[792,77],"product_tag":[],"class_list":{"0":"post-8526","1":"product","2":"type-product","3":"status-publish","4":"has-post-thumbnail","6":"product_cat-novedades","7":"product_cat-vinos-tintos","8":"pa_bodega-bideona","9":"pa_zona-vinicola-d-o-c-rioja","11":"first","12":"instock","13":"taxable","14":"shipping-taxable","15":"purchasable","16":"product-type-simple"},"_links":{"self":[{"href":"https:\/\/www.mr-vin.com\/en\/wp-json\/wp\/v2\/product\/8526","targetHints":{"allow":["GET"]}}],"collection":[{"href":"https:\/\/www.mr-vin.com\/en\/wp-json\/wp\/v2\/product"}],"about":[{"href":"https:\/\/www.mr-vin.com\/en\/wp-json\/wp\/v2\/types\/product"}],"wp:featuredmedia":[{"embeddable":true,"href":"https:\/\/www.mr-vin.com\/en\/wp-json\/wp\/v2\/media\/8527"}],"wp:attachment":[{"href":"https:\/\/www.mr-vin.com\/en\/wp-json\/wp\/v2\/media?parent=8526"}],"wp:term":[{"taxonomy":"product_brand","embeddable":true,"href":"https:\/\/www.mr-vin.com\/en\/wp-json\/wp\/v2\/product_brand?post=8526"},{"taxonomy":"product_cat","embeddable":true,"href":"https:\/\/www.mr-vin.com\/en\/wp-json\/wp\/v2\/product_cat?post=8526"},{"taxonomy":"product_tag","embeddable":true,"href":"https:\/\/www.mr-vin.com\/en\/wp-json\/wp\/v2\/product_tag?post=8526"}],"curies":[{"name":"wp","href":"https:\/\/api.w.org\/{rel}","templated":true}]}}