{"id":8484,"date":"2023-08-01T10:05:24","date_gmt":"2023-08-01T08:05:24","guid":{"rendered":"https:\/\/www.mr-vin.com\/?post_type=product&#038;p=8484"},"modified":"2024-05-30T12:57:18","modified_gmt":"2024-05-30T10:57:18","slug":"la-closerie-de-malescasse-magnum","status":"publish","type":"product","link":"https:\/\/www.mr-vin.com\/en\/product\/la-closerie-de-malescasse-magnum\/","title":{"rendered":"La Closerie de Malescasse magnum"},"content":{"rendered":"<p>La Closerie de Malescasse Haut-M\u00e9doc de la Ch\u00e2teau Malescasse es un rojo de vino de la de Haut-M\u00e9doc. de<strong> Burdeos.<\/strong><br \/>\nEste vino es una <strong>mezcla de 3 varietales que son los Cabernet franc, el Cabernet-Sauvignon y el Merlot.<\/strong><br \/>\nEn la boca este vino rojo es un poderoso potente con un buen equilibrio entre acidez y taninos.<\/p>\n","protected":false},"excerpt":{"rendered":"<p>La Closerie de Malescasse Haut-M\u00e9doc de la Ch\u00e2teau Malescasse es un rojo de vino de la de Haut-M\u00e9doc. de Burdeos.\u2026<\/p>\n","protected":false},"featured_media":8485,"template":"","meta":{"inline_featured_image":false,"_monsterinsights_skip_tracking":false,"_monsterinsights_sitenote_active":false,"_monsterinsights_sitenote_note":"","_monsterinsights_sitenote_category":0},"product_brand":[],"product_cat":[792,77],"product_tag":[],"class_list":{"0":"post-8484","1":"product","2":"type-product","3":"status-publish","4":"has-post-thumbnail","6":"product_cat-novedades","7":"product_cat-vinos-tintos","8":"pa_bodega-chateau-malescasse","9":"pa_zona-vinicola-burdeos","10":"pa_zona-vinicola-haut-medoc","12":"first","13":"instock","14":"taxable","15":"shipping-taxable","16":"purchasable","17":"product-type-simple"},"_links":{"self":[{"href":"https:\/\/www.mr-vin.com\/en\/wp-json\/wp\/v2\/product\/8484","targetHints":{"allow":["GET"]}}],"collection":[{"href":"https:\/\/www.mr-vin.com\/en\/wp-json\/wp\/v2\/product"}],"about":[{"href":"https:\/\/www.mr-vin.com\/en\/wp-json\/wp\/v2\/types\/product"}],"wp:featuredmedia":[{"embeddable":true,"href":"https:\/\/www.mr-vin.com\/en\/wp-json\/wp\/v2\/media\/8485"}],"wp:attachment":[{"href":"https:\/\/www.mr-vin.com\/en\/wp-json\/wp\/v2\/media?parent=8484"}],"wp:term":[{"taxonomy":"product_brand","embeddable":true,"href":"https:\/\/www.mr-vin.com\/en\/wp-json\/wp\/v2\/product_brand?post=8484"},{"taxonomy":"product_cat","embeddable":true,"href":"https:\/\/www.mr-vin.com\/en\/wp-json\/wp\/v2\/product_cat?post=8484"},{"taxonomy":"product_tag","embeddable":true,"href":"https:\/\/www.mr-vin.com\/en\/wp-json\/wp\/v2\/product_tag?post=8484"}],"curies":[{"name":"wp","href":"https:\/\/api.w.org\/{rel}","templated":true}]}}