{"id":8471,"date":"2023-07-31T17:56:48","date_gmt":"2023-07-31T15:56:48","guid":{"rendered":"https:\/\/www.mr-vin.com\/?post_type=product&#038;p=8471"},"modified":"2025-05-30T16:41:42","modified_gmt":"2025-05-30T14:41:42","slug":"miraval-rose-magnum-15l","status":"publish","type":"product","link":"https:\/\/www.mr-vin.com\/en\/product\/miraval-rose-magnum-15l\/","title":{"rendered":"Miraval Ros\u00e9 Magnum 1,5L"},"content":{"rendered":"<p>Miraval Ros\u00e9 Magnum 1,5l es un elegante y fino vino rosado proveniente de vi\u00f1edos propiedad de Angelina Jolie y Brad Pitt situando en la provenza francesa.<\/p>\n","protected":false},"excerpt":{"rendered":"<p>Miraval Ros\u00e9 Magnum 1,5l es un elegante y fino vino rosado proveniente de vi\u00f1edos propiedad de Angelina Jolie y Brad\u2026<\/p>\n","protected":false},"featured_media":8472,"template":"","meta":{"inline_featured_image":false,"_monsterinsights_skip_tracking":false,"_monsterinsights_sitenote_active":false,"_monsterinsights_sitenote_note":"","_monsterinsights_sitenote_category":0},"product_brand":[],"product_cat":[792,689,840,80],"product_tag":[],"class_list":{"0":"post-8471","1":"product","2":"type-product","3":"status-publish","4":"has-post-thumbnail","6":"product_cat-novedades","7":"product_cat-para-regalo","8":"product_cat-rose-summer","9":"product_cat-vinos-rosados","10":"pa_bodega-miraval","11":"pa_zona-vinicola-cotes-de-provence","13":"first","14":"instock","15":"taxable","16":"shipping-taxable","17":"purchasable","18":"product-type-simple"},"_links":{"self":[{"href":"https:\/\/www.mr-vin.com\/en\/wp-json\/wp\/v2\/product\/8471","targetHints":{"allow":["GET"]}}],"collection":[{"href":"https:\/\/www.mr-vin.com\/en\/wp-json\/wp\/v2\/product"}],"about":[{"href":"https:\/\/www.mr-vin.com\/en\/wp-json\/wp\/v2\/types\/product"}],"wp:featuredmedia":[{"embeddable":true,"href":"https:\/\/www.mr-vin.com\/en\/wp-json\/wp\/v2\/media\/8472"}],"wp:attachment":[{"href":"https:\/\/www.mr-vin.com\/en\/wp-json\/wp\/v2\/media?parent=8471"}],"wp:term":[{"taxonomy":"product_brand","embeddable":true,"href":"https:\/\/www.mr-vin.com\/en\/wp-json\/wp\/v2\/product_brand?post=8471"},{"taxonomy":"product_cat","embeddable":true,"href":"https:\/\/www.mr-vin.com\/en\/wp-json\/wp\/v2\/product_cat?post=8471"},{"taxonomy":"product_tag","embeddable":true,"href":"https:\/\/www.mr-vin.com\/en\/wp-json\/wp\/v2\/product_tag?post=8471"}],"curies":[{"name":"wp","href":"https:\/\/api.w.org\/{rel}","templated":true}]}}