{"id":8464,"date":"2023-07-31T16:23:19","date_gmt":"2023-07-31T14:23:19","guid":{"rendered":"https:\/\/www.mr-vin.com\/?post_type=product&#038;p=8464"},"modified":"2024-05-30T12:57:18","modified_gmt":"2024-05-30T10:57:18","slug":"peninsula-cadalso","status":"publish","type":"product","link":"https:\/\/www.mr-vin.com\/en\/product\/peninsula-cadalso\/","title":{"rendered":"Pen\u00ednsula Cadalso"},"content":{"rendered":"<p>Este tinto pertenece a la familia de\u00a0<strong>Vinos de Monta\u00f1a\u00a0<\/strong>de Pen\u00ednsula Vinicultores, una gama que pone en valor las zonas vin\u00edcolas hist\u00f3ricas del Sistema Central.\u00a0<strong>Cadalso<\/strong>, procedente de vi\u00f1as viejas de la Sierra de Gredos, se elabora en <strong>exclusiva con\u00a0Garnacha<\/strong>;\u00a0resultando\u00a0<strong>fragrante, fresco, sedoso y mineral<\/strong>.<\/p>\n","protected":false},"excerpt":{"rendered":"<p>Este tinto pertenece a la familia de\u00a0Vinos de Monta\u00f1a\u00a0de Pen\u00ednsula Vinicultores, una gama que pone en valor las zonas vin\u00edcolas\u2026<\/p>\n","protected":false},"featured_media":8465,"template":"","meta":{"inline_featured_image":false,"_monsterinsights_skip_tracking":false,"_monsterinsights_sitenote_active":false,"_monsterinsights_sitenote_note":"","_monsterinsights_sitenote_category":0},"product_brand":[],"product_cat":[792,77],"product_tag":[],"class_list":{"0":"post-8464","1":"product","2":"type-product","3":"status-publish","4":"has-post-thumbnail","6":"product_cat-novedades","7":"product_cat-vinos-tintos","8":"pa_bodega-agricola-de-cadalso","9":"pa_zona-vinicola-d-o-vinos-de-madrid","11":"first","12":"instock","13":"taxable","14":"shipping-taxable","15":"purchasable","16":"product-type-simple"},"_links":{"self":[{"href":"https:\/\/www.mr-vin.com\/en\/wp-json\/wp\/v2\/product\/8464","targetHints":{"allow":["GET"]}}],"collection":[{"href":"https:\/\/www.mr-vin.com\/en\/wp-json\/wp\/v2\/product"}],"about":[{"href":"https:\/\/www.mr-vin.com\/en\/wp-json\/wp\/v2\/types\/product"}],"wp:featuredmedia":[{"embeddable":true,"href":"https:\/\/www.mr-vin.com\/en\/wp-json\/wp\/v2\/media\/8465"}],"wp:attachment":[{"href":"https:\/\/www.mr-vin.com\/en\/wp-json\/wp\/v2\/media?parent=8464"}],"wp:term":[{"taxonomy":"product_brand","embeddable":true,"href":"https:\/\/www.mr-vin.com\/en\/wp-json\/wp\/v2\/product_brand?post=8464"},{"taxonomy":"product_cat","embeddable":true,"href":"https:\/\/www.mr-vin.com\/en\/wp-json\/wp\/v2\/product_cat?post=8464"},{"taxonomy":"product_tag","embeddable":true,"href":"https:\/\/www.mr-vin.com\/en\/wp-json\/wp\/v2\/product_tag?post=8464"}],"curies":[{"name":"wp","href":"https:\/\/api.w.org\/{rel}","templated":true}]}}