{"id":8460,"date":"2023-07-31T12:42:12","date_gmt":"2023-07-31T10:42:12","guid":{"rendered":"https:\/\/www.mr-vin.com\/?post_type=product&#038;p=8460"},"modified":"2024-05-30T12:57:18","modified_gmt":"2024-05-30T10:57:18","slug":"el-origen-de-prieto-pariente","status":"publish","type":"product","link":"https:\/\/www.mr-vin.com\/en\/product\/el-origen-de-prieto-pariente\/","title":{"rendered":"El Origen de Prieto Pariente"},"content":{"rendered":"<p>El Origen de Prieto Pariente es la b\u00fasqueda de unos\u00a0<strong>vi\u00f1edos muy viejos y singulares<\/strong>\u00a0m\u00e1s all\u00e1 de las constricciones de una denominaci\u00f3n de origen concreta. El resultado se refleja en esta botella de nombre evocador. Como en la a\u00f1ada anterior, el\u00a0<em>coupage\u00a0<\/em>sigue\u00a0dominado por la\u00a0<strong>Tempranillo<\/strong>, con un peque\u00f1o aporte de<strong>\u00a0Garnacha<\/strong>. Las tres localizaciones distintas del vi\u00f1edo, con\u00a0suelos y orientaciones diferentes, dotaron al conjunto de gran complejidad. En suma, estamos ante un\u00a0vino para exploradores que se muestra, al mismo tiempo,\u00a0<strong>fresco, interesante,\u00a0cristalino y elegante<\/strong>.<\/p>\n","protected":false},"excerpt":{"rendered":"<p>El Origen de Prieto Pariente es la b\u00fasqueda de unos\u00a0vi\u00f1edos muy viejos y singulares\u00a0m\u00e1s all\u00e1 de las constricciones de una\u2026<\/p>\n","protected":false},"featured_media":8461,"template":"","meta":{"inline_featured_image":false,"_monsterinsights_skip_tracking":false,"_monsterinsights_sitenote_active":false,"_monsterinsights_sitenote_note":"","_monsterinsights_sitenote_category":0},"product_brand":[],"product_cat":[792,77],"product_tag":[],"class_list":{"0":"post-8460","1":"product","2":"type-product","3":"status-publish","4":"has-post-thumbnail","6":"product_cat-novedades","7":"product_cat-vinos-tintos","8":"pa_bodega-prieto-pariente","9":"pa_zona-vinicola-v-t-castilla-y-leon","11":"first","12":"instock","13":"taxable","14":"shipping-taxable","15":"purchasable","16":"product-type-simple"},"_links":{"self":[{"href":"https:\/\/www.mr-vin.com\/en\/wp-json\/wp\/v2\/product\/8460","targetHints":{"allow":["GET"]}}],"collection":[{"href":"https:\/\/www.mr-vin.com\/en\/wp-json\/wp\/v2\/product"}],"about":[{"href":"https:\/\/www.mr-vin.com\/en\/wp-json\/wp\/v2\/types\/product"}],"wp:featuredmedia":[{"embeddable":true,"href":"https:\/\/www.mr-vin.com\/en\/wp-json\/wp\/v2\/media\/8461"}],"wp:attachment":[{"href":"https:\/\/www.mr-vin.com\/en\/wp-json\/wp\/v2\/media?parent=8460"}],"wp:term":[{"taxonomy":"product_brand","embeddable":true,"href":"https:\/\/www.mr-vin.com\/en\/wp-json\/wp\/v2\/product_brand?post=8460"},{"taxonomy":"product_cat","embeddable":true,"href":"https:\/\/www.mr-vin.com\/en\/wp-json\/wp\/v2\/product_cat?post=8460"},{"taxonomy":"product_tag","embeddable":true,"href":"https:\/\/www.mr-vin.com\/en\/wp-json\/wp\/v2\/product_tag?post=8460"}],"curies":[{"name":"wp","href":"https:\/\/api.w.org\/{rel}","templated":true}]}}