{"id":8449,"date":"2023-07-27T18:49:07","date_gmt":"2023-07-27T16:49:07","guid":{"rendered":"https:\/\/www.mr-vin.com\/?post_type=product&#038;p=8449"},"modified":"2024-12-19T14:26:07","modified_gmt":"2024-12-19T12:26:07","slug":"jose-pariente-25-anos-en-barrica","status":"publish","type":"product","link":"https:\/\/www.mr-vin.com\/en\/product\/jose-pariente-25-anos-en-barrica\/","title":{"rendered":"Jose Pariente 25 a\u00f1os en barrica"},"content":{"rendered":"<p><strong>Variedad:<\/strong> 100% Verdejo.<\/p>\n<p>Este vino representa el valor del paso del tiempo, de la paciencia, de la artesan\u00eda. Un vino que, tras 25 a\u00f1os de crianza en barrica, presentamos como un v\u00ednculo entre generaciones.<\/p>\n<p><strong>25 A\u00f1os en Barrica<\/strong>\u00a0comienza en 1997, a\u00f1o en el que Jos\u00e9 Pariente lleva a cabo su \u00faltima vendimia. Su hija Victoria ha mantenido este vino durante 25 a\u00f1os en barricas, demostrando la capacidad de guarda de la variedad verdejo.<\/p>\n<p>&nbsp;<\/p>\n","protected":false},"excerpt":{"rendered":"<p>Variedad: 100% Verdejo. Este vino representa el valor del paso del tiempo, de la paciencia, de la artesan\u00eda. Un vino\u2026<\/p>\n","protected":false},"featured_media":8450,"template":"","meta":{"inline_featured_image":false,"_monsterinsights_skip_tracking":false,"_monsterinsights_sitenote_active":false,"_monsterinsights_sitenote_note":"","_monsterinsights_sitenote_category":0},"product_brand":[],"product_cat":[792,79],"product_tag":[],"class_list":{"0":"post-8449","1":"product","2":"type-product","3":"status-publish","4":"has-post-thumbnail","6":"product_cat-novedades","7":"product_cat-vinos-blancos","8":"pa_bodega-jose-pariente","9":"pa_zona-vinicola-d-o-rueda","11":"first","12":"instock","13":"taxable","14":"shipping-taxable","15":"purchasable","16":"product-type-simple"},"_links":{"self":[{"href":"https:\/\/www.mr-vin.com\/en\/wp-json\/wp\/v2\/product\/8449","targetHints":{"allow":["GET"]}}],"collection":[{"href":"https:\/\/www.mr-vin.com\/en\/wp-json\/wp\/v2\/product"}],"about":[{"href":"https:\/\/www.mr-vin.com\/en\/wp-json\/wp\/v2\/types\/product"}],"wp:featuredmedia":[{"embeddable":true,"href":"https:\/\/www.mr-vin.com\/en\/wp-json\/wp\/v2\/media\/8450"}],"wp:attachment":[{"href":"https:\/\/www.mr-vin.com\/en\/wp-json\/wp\/v2\/media?parent=8449"}],"wp:term":[{"taxonomy":"product_brand","embeddable":true,"href":"https:\/\/www.mr-vin.com\/en\/wp-json\/wp\/v2\/product_brand?post=8449"},{"taxonomy":"product_cat","embeddable":true,"href":"https:\/\/www.mr-vin.com\/en\/wp-json\/wp\/v2\/product_cat?post=8449"},{"taxonomy":"product_tag","embeddable":true,"href":"https:\/\/www.mr-vin.com\/en\/wp-json\/wp\/v2\/product_tag?post=8449"}],"curies":[{"name":"wp","href":"https:\/\/api.w.org\/{rel}","templated":true}]}}